{"id":27626,"date":"2022-12-13T10:55:07","date_gmt":"2022-12-13T09:55:07","guid":{"rendered":"https:\/\/www.factoria-4-7.org\/que-es-factoria-4-7\/"},"modified":"2026-02-18T14:18:40","modified_gmt":"2026-02-18T13:18:40","slug":"que-es-factoria-4-7","status":"publish","type":"page","link":"https:\/\/www.factoria-4-7.org\/ca\/que-es-factoria-4-7\/","title":{"rendered":"Qu\u00e8 \u00e9s Factor\u00eda 4.7?"},"content":{"rendered":"\n<p>L\u2019Agenda 2030, aprovada per l\u2019ONU el setembre del 2015, inclou un conjunt de 17 ODS que busquen posar fi a la pobresa, lluitar contra la desigualtat i la injust\u00edcia i fer front al canvi clim\u00e0tic, sense deixar ning\u00fa enrere. Sota l\u2019ODS 4 \u201cEducaci\u00f3 de qualitat\u201d, la mateixa Agenda 2030 reconeix el paper fonamental de l\u2019educaci\u00f3 per al desenvolupament sostenible (EDS) per assolir tots els ODS, i aix\u00ed ho explicita en la meta 4.7.  <\/p>\n\n<h2 class=\"wp-block-heading\">Eix d\u2019acci\u00f3 1<\/h2>\n\n<p><em>Gesti\u00f3 del coneixement en educaci\u00f3 per a l\u2019Agenda 2030, aquest<br\/>portal digital pret\u00e9n democratitzar l\u2019acc\u00e9s a eines<br\/>pedag\u00f2giques de qualitat en mat\u00e8ria d\u2019EDS amb enfocament de g\u00e8nere<br\/>i de drets a Iberoam\u00e8rica<\/em><\/p>\n\n<figure class=\"wp-block-image alignfull size-full\"><img loading=\"lazy\" decoding=\"async\" width=\"1500\" height=\"750\" src=\"https:\/\/www.factoria-4-7.org\/wp-content\/uploads\/2022\/12\/factoria-4.7-ilustracion-01.png\" alt=\"\" class=\"wp-image-398\" srcset=\"https:\/\/www.factoria-4-7.org\/wp-content\/uploads\/2022\/12\/factoria-4.7-ilustracion-01.png 1500w, https:\/\/www.factoria-4-7.org\/wp-content\/uploads\/2022\/12\/factoria-4.7-ilustracion-01-300x150.png 300w, https:\/\/www.factoria-4-7.org\/wp-content\/uploads\/2022\/12\/factoria-4.7-ilustracion-01-1024x512.png 1024w, https:\/\/www.factoria-4-7.org\/wp-content\/uploads\/2022\/12\/factoria-4.7-ilustracion-01-768x384.png 768w\" sizes=\"auto, (max-width: 1500px) 100vw, 1500px\" \/><\/figure>\n\n<p>L\u2019EDS empra una pedagogia innovadora i orientada a l\u2019acci\u00f3 que promou el desenvolupament de compet\u00e8ncies transversals en les dimensions cognitiva, socioemocional i conductual de l\u2019aprenentatge. UN Etxea &#8211; Associaci\u00f3 del Pa\u00eds Basc per a la UNESCO ha treballat en l\u2019EDS des dels inicis i ha participat en processos a escala local, nacional i internacional de la m\u00e0 de la UNESCO per avan\u00e7ar en el poder transformador de l\u2019educaci\u00f3 des del desenvolupament sostenible i inclusiu. Des del 2017 hem desenvolupat col\u00b7laboracions m\u00e9s expl\u00edcites amb agents diversos d\u2019Iberoam\u00e8rica, orientades a avan\u00e7ar en l\u2019educaci\u00f3 per a l\u2019Agenda 2030.  <\/p>\n\n<p>En aquest context, UN Etxea desenvolupa Factor\u00eda 4.7 &#8211; Plataforma Iberoamericana d\u2019Educaci\u00f3 per al Desenvolupament Sostenible com a projecte que busca transformar l\u2019EDS a Iberoam\u00e8rica des de la innovaci\u00f3 i l\u2019aprenentatge compartit i facilitar que els i les agents vinculats\/ades a l\u2019educaci\u00f3 prenguin l\u2019EDS com a eix inspirador de les seves pol\u00edtiques, plans i pr\u00e0ctiques educatives.<\/p>\n\n<p>Factor\u00eda 4.7 &#8211; Plataforma Iberoamericana d\u2019Educaci\u00f3 per al Desenvolupament Sostenible \u00e9s part de l\u2019estrat\u00e8gia global de la UNESCO en EDS a la regi\u00f3 d\u2019Iberoam\u00e8rica amb l\u2019objectiu d\u2019avan\u00e7ar en l\u2019Agenda 2030 per via de la meta 4.7 dels ODS. Aquest projecte es gestiona a trav\u00e9s de (1) la gesti\u00f3 del coneixement; (2) les aliances multiactor i multisector, i (3) una estrat\u00e8gia de comunicaci\u00f3; tot aix\u00f2, en el conjunt del context iberoameric\u00e0. <\/p>\n\n<p>Aix\u00ed, dins l\u2019eix d\u2019acci\u00f3 1: Gesti\u00f3 del coneixement en educaci\u00f3 per a l\u2019Agenda 2030, aquest portal digital pret\u00e9n democratitzar l\u2019acc\u00e9s a eines pedag\u00f2giques de qualitat en mat\u00e8ria d\u2019EDS amb enfocament de g\u00e8nere i de drets a Iberoam\u00e8rica. La plataforma Factor\u00eda 4.7 posa a disposici\u00f3 de qualsevol agent interessat eines pedag\u00f2giques de qualitat en mat\u00e8ria d\u2019EDS. Concretament, aqu\u00ed pot trobar recursos pedag\u00f2gics, materials, suports i bones pr\u00e0ctiques d\u2019EDS, pedagogia social i participaci\u00f3 ciutadana en cadascun dels ODS i en cadascun dels \u00e0mbits relacionats amb l\u2019Agenda 2030, en tots els casos coherents amb els valors transversals de l\u2019Agenda 2030 (sostenibilitat, drets humans, igualtat i equitat de g\u00e8nere i interculturalitat).  <\/p>\n\n<div style=\"height:50px\" aria-hidden=\"true\" class=\"wp-block-spacer\"><\/div>\n","protected":false},"excerpt":{"rendered":"<p>L\u2019Agenda 2030, aprovada per l\u2019ONU el setembre del 2015, inclou un conjunt de 17 ODS que busquen posar fi a la pobresa, lluitar contra la desigualtat i la injust\u00edcia i [&hellip;]<\/p>\n","protected":false},"author":4,"featured_media":27627,"parent":0,"menu_order":0,"comment_status":"closed","ping_status":"closed","template":"","meta":{"_acf_changed":false,"footnotes":""},"class_list":["post-27626","page","type-page","status-publish","has-post-thumbnail","hentry"],"acf":[],"_links":{"self":[{"href":"https:\/\/www.factoria-4-7.org\/ca\/wp-json\/wp\/v2\/pages\/27626","targetHints":{"allow":["GET"]}}],"collection":[{"href":"https:\/\/www.factoria-4-7.org\/ca\/wp-json\/wp\/v2\/pages"}],"about":[{"href":"https:\/\/www.factoria-4-7.org\/ca\/wp-json\/wp\/v2\/types\/page"}],"author":[{"embeddable":true,"href":"https:\/\/www.factoria-4-7.org\/ca\/wp-json\/wp\/v2\/users\/4"}],"replies":[{"embeddable":true,"href":"https:\/\/www.factoria-4-7.org\/ca\/wp-json\/wp\/v2\/comments?post=27626"}],"version-history":[{"count":3,"href":"https:\/\/www.factoria-4-7.org\/ca\/wp-json\/wp\/v2\/pages\/27626\/revisions"}],"predecessor-version":[{"id":27665,"href":"https:\/\/www.factoria-4-7.org\/ca\/wp-json\/wp\/v2\/pages\/27626\/revisions\/27665"}],"wp:featuredmedia":[{"embeddable":true,"href":"https:\/\/www.factoria-4-7.org\/ca\/wp-json\/wp\/v2\/media\/27627"}],"wp:attachment":[{"href":"https:\/\/www.factoria-4-7.org\/ca\/wp-json\/wp\/v2\/media?parent=27626"}],"curies":[{"name":"wp","href":"https:\/\/api.w.org\/{rel}","templated":true}]}}