{"id":27629,"date":"2022-12-15T15:08:38","date_gmt":"2022-12-15T14:08:38","guid":{"rendered":"https:\/\/www.factoria-4-7.org\/bones-practiques\/"},"modified":"2026-02-18T13:51:53","modified_gmt":"2026-02-18T12:51:53","slug":"bones-practiques","status":"publish","type":"page","link":"https:\/\/www.factoria-4-7.org\/ca\/bones-practiques\/","title":{"rendered":"Bones pr\u00e0ctiques"},"content":{"rendered":"\n<h2 class=\"wp-block-heading\">El desenvolupament sostenible en acci\u00f3<\/h2>\n\n<p>Les bones pr\u00e0ctiques representen aquelles accions que defineixen millor en termes reals i pr\u00e0ctics la idea del desenvolupament sostenible en els diferents camps d\u2019actuaci\u00f3 de l\u2019educaci\u00f3.<\/p>\n\n<p>En aquest apartat, es pret\u00e9n distingir aquelles accions i projectes que mereixen ser considerats com a exemples i models a seguir en mat\u00e8ria d\u2019educaci\u00f3 per al desenvolupament sostenible (EDS), ja sigui per associacions, institucions i especialment per ciutadans a t\u00edtol individual.<\/p>\n\n<p>Les bones pr\u00e0ctiques es refereixen a un camp ampli d\u2019iniciatives educatives en qu\u00e8 es promouen algunes de les tem\u00e0tiques seg\u00fcents:<\/p>\n\n<ul class=\"wp-block-list\">\n<li>Energies renovables i efici\u00e8ncia energ\u00e8tica<\/li>\n\n\n\n<li>Gesti\u00f3 de residus<\/li>\n\n\n\n<li>Estalvi i \u00fas eficient de l\u2019aigua<\/li>\n\n\n\n<li>Conservaci\u00f3 de la natura<\/li>\n\n\n\n<li>Manteniment del patrimoni cultural, tant material com immaterial<\/li>\n\n\n\n<li>Agricultura ecol\u00f2gica<\/li>\n\n\n\n<li>Ca\u00e7a i pesca sostenibles<\/li>\n\n\n\n<li>Educaci\u00f3 ambiental i per la sostenibilitat<\/li>\n\n\n\n<li>Turisme responsable<\/li>\n\n\n\n<li>Economia circular<\/li>\n<\/ul>\n\n<p>En definitiva, les bones pr\u00e0ctiques representen el comprom\u00eds col\u00b7lectiu de la comunitat educativa iberoamericana per un futur sostenible i millor per a tothom.<\/p>\n\n<h2 class=\"wp-block-heading\">Alguns exemples<\/h2>\n","protected":false},"excerpt":{"rendered":"<p>El desenvolupament sostenible en acci\u00f3 Les bones pr\u00e0ctiques representen aquelles accions que defineixen millor en termes reals i pr\u00e0ctics la idea del desenvolupament sostenible en els diferents camps d\u2019actuaci\u00f3 de [&hellip;]<\/p>\n","protected":false},"author":4,"featured_media":27660,"parent":0,"menu_order":0,"comment_status":"closed","ping_status":"closed","template":"templates\/best_practices.php","meta":{"_acf_changed":false,"footnotes":""},"class_list":["post-27629","page","type-page","status-publish","has-post-thumbnail","hentry"],"acf":[],"_links":{"self":[{"href":"https:\/\/www.factoria-4-7.org\/ca\/wp-json\/wp\/v2\/pages\/27629","targetHints":{"allow":["GET"]}}],"collection":[{"href":"https:\/\/www.factoria-4-7.org\/ca\/wp-json\/wp\/v2\/pages"}],"about":[{"href":"https:\/\/www.factoria-4-7.org\/ca\/wp-json\/wp\/v2\/types\/page"}],"author":[{"embeddable":true,"href":"https:\/\/www.factoria-4-7.org\/ca\/wp-json\/wp\/v2\/users\/4"}],"replies":[{"embeddable":true,"href":"https:\/\/www.factoria-4-7.org\/ca\/wp-json\/wp\/v2\/comments?post=27629"}],"version-history":[{"count":1,"href":"https:\/\/www.factoria-4-7.org\/ca\/wp-json\/wp\/v2\/pages\/27629\/revisions"}],"predecessor-version":[{"id":27661,"href":"https:\/\/www.factoria-4-7.org\/ca\/wp-json\/wp\/v2\/pages\/27629\/revisions\/27661"}],"wp:featuredmedia":[{"embeddable":true,"href":"https:\/\/www.factoria-4-7.org\/ca\/wp-json\/wp\/v2\/media\/27660"}],"wp:attachment":[{"href":"https:\/\/www.factoria-4-7.org\/ca\/wp-json\/wp\/v2\/media?parent=27629"}],"curies":[{"name":"wp","href":"https:\/\/api.w.org\/{rel}","templated":true}]}}