{"id":27666,"date":"2022-12-15T11:57:26","date_gmt":"2022-12-15T10:57:26","guid":{"rendered":"https:\/\/www.factoria-4-7.org\/rce-basque-country-navarre\/"},"modified":"2026-02-18T18:34:48","modified_gmt":"2026-02-18T17:34:48","slug":"rce-basque-country-navarre","status":"publish","type":"page","link":"https:\/\/www.factoria-4-7.org\/ca\/rce-basque-country-navarre\/","title":{"rendered":"RCE Basque Country-Navarre"},"content":{"rendered":"\n<div class=\"wp-block-group is-vertical is-layout-flex wp-container-core-group-is-layout-8cf370e7 wp-block-group-is-layout-flex\">\n<figure class=\"wp-block-gallery has-nested-images columns-default is-cropped wp-block-gallery-1 is-layout-flex wp-block-gallery-is-layout-flex\">\n<figure class=\"wp-block-image size-large\"><img loading=\"lazy\" decoding=\"async\" width=\"1024\" height=\"410\" data-id=\"27495\" src=\"https:\/\/www.factoria-4-7.org\/wp-content\/uploads\/2026\/01\/Logo-RCE-Basque-UNU-color-1024x410.jpg\" alt=\"\" class=\"wp-image-27495\" srcset=\"https:\/\/www.factoria-4-7.org\/wp-content\/uploads\/2026\/01\/Logo-RCE-Basque-UNU-color-1024x410.jpg 1024w, https:\/\/www.factoria-4-7.org\/wp-content\/uploads\/2026\/01\/Logo-RCE-Basque-UNU-color-300x120.jpg 300w, https:\/\/www.factoria-4-7.org\/wp-content\/uploads\/2026\/01\/Logo-RCE-Basque-UNU-color-768x307.jpg 768w, https:\/\/www.factoria-4-7.org\/wp-content\/uploads\/2026\/01\/Logo-RCE-Basque-UNU-color-1536x615.jpg 1536w, https:\/\/www.factoria-4-7.org\/wp-content\/uploads\/2026\/01\/Logo-RCE-Basque-UNU-color-2048x820.jpg 2048w\" sizes=\"auto, (max-width: 1024px) 100vw, 1024px\" \/><\/figure>\n<\/figure>\n\n\n\n<p>L\u2019educaci\u00f3 per al desenvolupament sostenible (EDS) \u00e9s un dels instruments m\u00e9s poderosos per aconseguir aquesta transformaci\u00f3. Per aix\u00f2, UN Etxea impulsa el <strong>Regional Centre of Expertise (RCE) Basque Country-Navarre<\/strong>, una iniciativa reconeguda per la <a href=\"https:\/\/unu.edu\/\">Universitat de les Nacions Unides<\/a> i la <a href=\"https:\/\/www.unesco.org\/es\">UNESCO<\/a> que articula xarxes d\u2019aprenentatge i col\u00b7laboraci\u00f3 entre institucions educatives, administracions p\u00fabliques, empreses i societat civil. <\/p>\n\n\n\n<p>L\u2019RCE permet que Euskadi, Navarra i Iparralde s\u2019integrin en una xarxa internacional d\u2019innovaci\u00f3 educativa i comparteixin experi\u00e8ncies i metodologies que enforteixen la capacitat del territori per afrontar reptes com el canvi clim\u00e0tic, la desigualtat o la p\u00e8rdua de biodiversitat.<\/p>\n\n\n\n<p>Amb aquesta aposta, UN Etxea refor\u00e7a el seu paper com a pont entre el local i el global, per assegurar que l\u2019educaci\u00f3 sigui un motor de canvi cap a societats m\u00e9s justes, sostenibles i resilients. L\u2019RCE no nom\u00e9s promou la formaci\u00f3 i la recerca, sin\u00f3 que tamb\u00e9 genera espais de di\u00e0leg i acci\u00f3 col\u00b7lectiva, per alinear la realitat basca i navarresa amb els compromisos internacionals i projectar-ne el lideratge en f\u00f2rums globals. <\/p>\n\n\n\n<figure class=\"wp-block-image size-large\"><img loading=\"lazy\" decoding=\"async\" width=\"1024\" height=\"302\" src=\"https:\/\/www.factoria-4-7.org\/wp-content\/uploads\/2026\/01\/Presentacion-Factoria-4.7-35-1024x302.jpg\" alt=\"\" class=\"wp-image-27496\" srcset=\"https:\/\/www.factoria-4-7.org\/wp-content\/uploads\/2026\/01\/Presentacion-Factoria-4.7-35-1024x302.jpg 1024w, https:\/\/www.factoria-4-7.org\/wp-content\/uploads\/2026\/01\/Presentacion-Factoria-4.7-35-300x89.jpg 300w, https:\/\/www.factoria-4-7.org\/wp-content\/uploads\/2026\/01\/Presentacion-Factoria-4.7-35-768x227.jpg 768w, https:\/\/www.factoria-4-7.org\/wp-content\/uploads\/2026\/01\/Presentacion-Factoria-4.7-35-1536x454.jpg 1536w, https:\/\/www.factoria-4-7.org\/wp-content\/uploads\/2026\/01\/Presentacion-Factoria-4.7-35-2048x605.jpg 2048w\" sizes=\"auto, (max-width: 1024px) 100vw, 1024px\" \/><\/figure>\n\n\n\n<h2 class=\"wp-block-heading\">Pretensi\u00f3 de l\u2019RCE. Qu\u00e8 \u00e9s? <\/h2>\n<\/div>\n\n<p>El <strong>Regional Centre of Expertise (RCE) Basque Country-Navarre<\/strong> \u00e9s una xarxa reconeguda oficialment per l\u2019<a href=\"https:\/\/unu.edu\/ias\">Institut per a l\u2019Estudi Avan\u00e7at de la Sostenibilitat de la Universitat de les Nacions Unides (UNU-IAS)<\/a>. Forma part del <a href=\"https:\/\/www.unesco.org\/es\/articles\/educacion-para-el-desarrollo-sostenible-hoja-de-ruta\">Programa d\u2019acci\u00f3 global de la UNESCO per a l\u2019educaci\u00f3 per al desenvolupament sostenible (EDS)<\/a> i t\u00e9 com a objectiu traslladar els principis globals de l\u2019Agenda 2030 al context local d\u2019Euskadi i Navarra, com tamb\u00e9 del Pa\u00eds Basc franc\u00e8s. <\/p>\n\n<p>L\u2019RCE Basque Country-Navarre reuneix organitzacions vinculades a l\u2019educaci\u00f3 formal, no formal i informal per impulsar l\u2019aprenentatge cap a la sostenibilitat i fomenta la innovaci\u00f3 i l\u2019acci\u00f3 col\u00b7laborativa. T\u00e9 com a missi\u00f3 accelerar solucions sostenibles a escala local mitjan\u00e7ant aliances multisectorials i la creaci\u00f3 d\u2019espais de di\u00e0leg i aprenentatge compartit. <\/p>\n\n<p>Gr\u00e0cies als vincles oficials amb les ag\u00e8ncies de l\u2019ONU, les institucions d\u2019educaci\u00f3 formal i els educadors informals d\u2019arreu del m\u00f3n, els RCE es troben en una posici\u00f3 ideal per implementar i aplicar a escala local convencions i marcs program\u00e0tics globals en mat\u00e8ria d\u2019EDS.<\/p>\n\n<p>L\u2019<strong>RCE Basque Country-Navarre <\/strong>reuneix membres multisectorials i interdisciplinaris que no sempre treballem conjuntament i que estem en una posici\u00f3 \u00fanica per ajudar a crear solucions als reptes de la sostenibilitat a trav\u00e9s del di\u00e0leg, l\u2019educaci\u00f3 i l\u2019aprenentatge. A m\u00e9s, les activitats de l\u2019<strong>RCE Basque Country-Navarre <\/strong>fomentaran la innovaci\u00f3 i els nous enfocaments del desenvolupament sostenible, per convertir els coneixements existents en accions concretes i capacitar els individus perqu\u00e8 prenguin decisions sostenibles per a si mateixos i per a les seves comunitats. <\/p>\n\n<figure class=\"wp-block-image size-large\"><img loading=\"lazy\" decoding=\"async\" width=\"1024\" height=\"683\" src=\"https:\/\/www.factoria-4-7.org\/wp-content\/uploads\/2024\/04\/II-Asamblea-RCE-96-1024x683.jpg\" alt=\"\" class=\"wp-image-5418\" srcset=\"https:\/\/www.factoria-4-7.org\/wp-content\/uploads\/2024\/04\/II-Asamblea-RCE-96-1024x683.jpg 1024w, https:\/\/www.factoria-4-7.org\/wp-content\/uploads\/2024\/04\/II-Asamblea-RCE-96-300x200.jpg 300w, https:\/\/www.factoria-4-7.org\/wp-content\/uploads\/2024\/04\/II-Asamblea-RCE-96-768x512.jpg 768w, https:\/\/www.factoria-4-7.org\/wp-content\/uploads\/2024\/04\/II-Asamblea-RCE-96-1536x1024.jpg 1536w, https:\/\/www.factoria-4-7.org\/wp-content\/uploads\/2024\/04\/II-Asamblea-RCE-96-2048x1365.jpg 2048w\" sizes=\"auto, (max-width: 1024px) 100vw, 1024px\" \/><\/figure>\n\n<h2 class=\"wp-block-heading\">Objectius de l\u2019RCE Basque Country-Navarre<\/h2>\n\n<p>L\u2019establiment d\u2019un RCE en EDS a Euskal Herria pret\u00e9n contribuir a assolir tres objectius fonamentals:<\/p>\n\n<ol class=\"wp-block-list\">\n<li>Articular de manera formal el di\u00e0leg d\u2019agents a Euskal Herria vinculats a l\u2019educaci\u00f3 per al desenvolupament sostenible, a trav\u00e9s de la <strong>visibilitzaci\u00f3<\/strong> de la contribuci\u00f3 respectiva a les prioritats de l\u2019Agenda 2030.<\/li>\n\n\n\n<li>Facilitar el <strong>finan\u00e7ament i l\u2019execuci\u00f3 de projectes col\u00b7laboratius<\/strong> comuns en educaci\u00f3 per a l\u2019Agenda 2030, tant vinculats al marc de Factor\u00eda 4.7 com ex\u00f2gens a aquest projecte.<\/li>\n\n\n\n<li><strong>Afavorir aliances amb altres RCE a escala mundial<\/strong>, i especialment a Iberoam\u00e8rica, per contribuir a avan\u00e7ar en l\u2019EDS des d\u2019una mirada multiagent i multisector.<\/li>\n<\/ol>\n\n<p>En aquest sentit, l\u2019\u00e8xit que l\u2019RCE Basque Country-Navarre obtingui a escala local es projectar\u00e0 a escala internacional a trav\u00e9s de la <strong>xarxa global d\u2019RCE arreu del m\u00f3n<\/strong>.<\/p>\n\n<figure class=\"wp-block-image size-large\"><img loading=\"lazy\" decoding=\"async\" width=\"1024\" height=\"681\" src=\"https:\/\/www.factoria-4-7.org\/wp-content\/uploads\/2025\/09\/Foto-Grupal-RCE-1-1024x681.jpg\" alt=\"\" class=\"wp-image-25093\" srcset=\"https:\/\/www.factoria-4-7.org\/wp-content\/uploads\/2025\/09\/Foto-Grupal-RCE-1-1024x681.jpg 1024w, https:\/\/www.factoria-4-7.org\/wp-content\/uploads\/2025\/09\/Foto-Grupal-RCE-1-300x199.jpg 300w, https:\/\/www.factoria-4-7.org\/wp-content\/uploads\/2025\/09\/Foto-Grupal-RCE-1-768x511.jpg 768w, https:\/\/www.factoria-4-7.org\/wp-content\/uploads\/2025\/09\/Foto-Grupal-RCE-1.jpg 1504w\" sizes=\"auto, (max-width: 1024px) 100vw, 1024px\" \/><\/figure>\n\n<h2 class=\"wp-block-heading\">Paper d\u2019UN Etxea en la creaci\u00f3 i el lideratge de l\u2019RCE<\/h2>\n\n<p><a href=\"https:\/\/unetxea.org\/\">UN Etxea<\/a> \u00e9s l\u2019entitat impulsora de l\u2019RCE Basque Country-Navarre. Des de l\u2019experi\u00e8ncia en la promoci\u00f3 dels valors de les Nacions Unides i la UNESCO, va liderar la iniciativa per constituir aquest pol regional i el va integrar en el marc del projecte <strong>Factor\u00eda 4.7<\/strong>, una plataforma iberoamericana per a la gesti\u00f3 del coneixement en EDS.  <\/p>\n\n<p>Gr\u00e0cies al reconeixement oficial davant la UNESCO i <a href=\"https:\/\/ecosoc.un.org\/es\">ECOSOC<\/a>, UN Etxea ha facilitat la connexi\u00f3 de l\u2019RCE amb xarxes internacionals, per assegurar que les pol\u00edtiques i les pr\u00e0ctiques educatives locals estiguin alineades amb els marcs globals. A m\u00e9s, exerceix com a secretariat de l\u2019RCE, en qu\u00e8 coordina la xarxa de les 61 entitats que el componen i promou projectes col\u00b7laboratius, formaci\u00f3 i generaci\u00f3 de recursos pedag\u00f2gics per a l\u2019Agenda 2030. <\/p>\n\n<figure class=\"wp-block-image size-large\"><img loading=\"lazy\" decoding=\"async\" width=\"1024\" height=\"768\" src=\"https:\/\/www.factoria-4-7.org\/wp-content\/uploads\/2026\/01\/Certificate-Of-Acknowledgement_December-2022_RCE-Basque-Country-Navarre-1024x768.jpg\" alt=\"\" class=\"wp-image-27498\" srcset=\"https:\/\/www.factoria-4-7.org\/wp-content\/uploads\/2026\/01\/Certificate-Of-Acknowledgement_December-2022_RCE-Basque-Country-Navarre-1024x768.jpg 1024w, https:\/\/www.factoria-4-7.org\/wp-content\/uploads\/2026\/01\/Certificate-Of-Acknowledgement_December-2022_RCE-Basque-Country-Navarre-300x225.jpg 300w, https:\/\/www.factoria-4-7.org\/wp-content\/uploads\/2026\/01\/Certificate-Of-Acknowledgement_December-2022_RCE-Basque-Country-Navarre-768x576.jpg 768w, https:\/\/www.factoria-4-7.org\/wp-content\/uploads\/2026\/01\/Certificate-Of-Acknowledgement_December-2022_RCE-Basque-Country-Navarre.jpg 1500w\" sizes=\"auto, (max-width: 1024px) 100vw, 1024px\" \/><\/figure>\n\n<h2 class=\"wp-block-heading\">Contribuci\u00f3 estrat\u00e8gica i projecci\u00f3 internacional<\/h2>\n\n<p>El rol d\u2019UN Etxea no es limita a la coordinaci\u00f3 t\u00e8cnica, tamb\u00e9 posiciona l\u2019<strong>RCE Basque Country-Navarre<\/strong> com a referent global en educaci\u00f3 per a la sostenibilitat. Participa en la xarxa europea d\u2019RCE i en f\u00f2rums internacionals i articula aliances amb altres centres i actors per compartir metodologies i bones pr\u00e0ctiques. Aquesta tasca refor\u00e7a la projecci\u00f3 internacional d\u2019Euskadi, Navarra i Iparralde com a territoris compromesos amb l\u2019Agenda 2030, amb la integraci\u00f3 d\u2019enfocaments de drets humans, igualtat de g\u00e8nere i diversitat cultural en l\u2019educaci\u00f3 per al desenvolupament sostenible.  <\/p>\n\n<p>En aquest sentit, l\u2019\u00e8xit que l\u2019RCE Basque Country-Navarre obtingui a escala local es projectar\u00e0 a escala internacional a trav\u00e9s de la <strong>xarxa global d\u2019RCE arreu del m\u00f3n<\/strong>. <\/p>\n\n<figure class=\"wp-block-image size-large\"><img loading=\"lazy\" decoding=\"async\" width=\"1024\" height=\"683\" src=\"https:\/\/www.factoria-4-7.org\/wp-content\/uploads\/2026\/01\/Selected-Pictures-1-1024x683.jpg\" alt=\"\" class=\"wp-image-27434\" srcset=\"https:\/\/www.factoria-4-7.org\/wp-content\/uploads\/2026\/01\/Selected-Pictures-1-1024x683.jpg 1024w, https:\/\/www.factoria-4-7.org\/wp-content\/uploads\/2026\/01\/Selected-Pictures-1-300x200.jpg 300w, https:\/\/www.factoria-4-7.org\/wp-content\/uploads\/2026\/01\/Selected-Pictures-1-768x512.jpg 768w, https:\/\/www.factoria-4-7.org\/wp-content\/uploads\/2026\/01\/Selected-Pictures-1-1536x1025.jpg 1536w, https:\/\/www.factoria-4-7.org\/wp-content\/uploads\/2026\/01\/Selected-Pictures-1.jpg 1920w\" sizes=\"auto, (max-width: 1024px) 100vw, 1024px\" \/><\/figure>\n\n<p class=\"has-text-align-center\"><a href=\"https:\/\/www.rcenetwork.org\/portal\/\" target=\"_blank\" rel=\"noreferrer noopener\">Global RCE NETWORK<\/a><\/p>\n<div class=\"wp-block-image mobilefullwidth\">\n<figure class=\"aligncenter size-full\"><img loading=\"lazy\" decoding=\"async\" width=\"617\" height=\"289\" src=\"https:\/\/www.factoria-4-7.org\/wp-content\/uploads\/2026\/01\/RCE-Logo-Full.png\" alt=\"\" class=\"wp-image-27497\" srcset=\"https:\/\/www.factoria-4-7.org\/wp-content\/uploads\/2026\/01\/RCE-Logo-Full.png 617w, https:\/\/www.factoria-4-7.org\/wp-content\/uploads\/2026\/01\/RCE-Logo-Full-300x141.png 300w\" sizes=\"auto, (max-width: 617px) 100vw, 617px\" \/><\/figure>\n<\/div>\n<p>En particular, l\u2019RCE Basque Country-Navarre:<\/p>\n\n<ul class=\"wp-block-list\">\n<li>Participa activament en la <a href=\"http:\/\/rce-europe.org\/\"><strong>xarxa europea d\u2019RCE<\/strong><\/a>, el secretariat de la qual es troba a l\u2019<a href=\"https:\/\/learningforsustainabilityscotland.org\/rce-network\/\">RCE Scotland<\/a>, en particular a trav\u00e9s de:\n<ul class=\"wp-block-list\">\n<li>L\u2019organitzaci\u00f3 de la <a href=\"https:\/\/unetxea.org\/reunion-regional-europea-de-rces-2023\/\">Reuni\u00f3 Regional Europea d\u2019RCE 2023<\/a> en format en l\u00ednia.<\/li>\n\n\n\n<li>La coordinaci\u00f3, juntament amb l\u2019<a href=\"https:\/\/sparkthemovement.nl\/en\/rce-fryslan\/\">RCE Frysl\u00e2n<\/a>, del grup de treball d\u2019Aliances Estrat\u00e8giques (internes i externes).<\/li>\n\n\n\n<li>La cofacilitaci\u00f3 a escala europea de sessions <a href=\"https:\/\/drive.google.com\/drive\/folders\/1IeVRdHeeTuE8t3WbxgLVwqMsqfA0JdWw\">Connect<\/a> de coneixement i aprenentatge mutu i seminaris web \u201cExploring the potential of RCEs\u201d amb enfocament tem\u00e0tic.<\/li>\n<\/ul>\n<\/li>\n\n\n\n<li>Lidera la creaci\u00f3 i el desenvolupament d\u2019una <strong>xarxa RCE Arc Atl\u00e0ntic<\/strong> que obri el cam\u00ed a altres subxarxes d\u2019RCE futures dins d\u2019Europa. La idea que hi ha darrere d\u2019aquesta iniciativa \u00e9s fomentar l\u2019intercanvi entre xarxes i pa\u00efsos amb un enfocament regional i tem\u00e0tic com\u00fa. La <strong>xarxa RCE Arc Atl\u00e0ntic <\/strong>t\u00e9 com a objectiu que la col\u00b7laboraci\u00f3 es converteixi en una realitat comuna, amb la flexibilitat i la inclusivitat adequades per assolir objectius comuns, alhora que es crea un grup de treball que pret\u00e9n ser prou \u00e0gil per reaccionar i actuar davant realitats educatives compartides. En el cas concret d\u2019aquesta xarxa atl\u00e0ntica, i a partir d\u2019aquesta visi\u00f3 compartida, l\u2019Arc Atl\u00e0ntic significa:   \n<ul class=\"wp-block-list\">\n<li>Patrimoni mar\u00edtim compartit;<\/li>\n\n\n\n<li>Vincles i identitat ling\u00fc\u00edstics i culturals, i<\/li>\n\n\n\n<li>Prioritats comunes relacionades amb la sostenibilitat dels recursos oce\u00e0nics.<\/li>\n<\/ul>\n<\/li>\n\n\n\n<li>Promou la creaci\u00f3 d\u2019una <strong>xarxa iberoamericana d\u2019RCE<\/strong>, i ha organitzat la <a href=\"https:\/\/drive.google.com\/drive\/folders\/1fv3VQVHe2c95wrXRHymW0BYL0DH8u4VP\">I Trobada Iberoamericana d\u2019RCE<\/a>.<\/li>\n<\/ul>\n<div class=\"wp-block-image mobilefullwidth\">\n<figure class=\"aligncenter size-full\"><img loading=\"lazy\" decoding=\"async\" width=\"1280\" height=\"720\" src=\"https:\/\/www.factoria-4-7.org\/wp-content\/uploads\/2026\/01\/European-RCE-Meeting-2022-rotated.jpg\" alt=\"\" class=\"wp-image-27499\" srcset=\"https:\/\/www.factoria-4-7.org\/wp-content\/uploads\/2026\/01\/European-RCE-Meeting-2022-rotated.jpg 1280w, https:\/\/www.factoria-4-7.org\/wp-content\/uploads\/2026\/01\/European-RCE-Meeting-2022-300x169.jpg 300w, https:\/\/www.factoria-4-7.org\/wp-content\/uploads\/2026\/01\/European-RCE-Meeting-2022-1024x576.jpg 1024w, https:\/\/www.factoria-4-7.org\/wp-content\/uploads\/2026\/01\/European-RCE-Meeting-2022-768x432.jpg 768w\" sizes=\"auto, (max-width: 1280px) 100vw, 1280px\" \/><\/figure>\n<\/div>\n<p class=\"has-text-align-center institution-link\"><\/p>\n\n<p>En el transcurs del proc\u00e9s de constituci\u00f3, l\u2019RCE Basque Country-Navarre ha comptat amb l\u2019acompanyament i l\u2019assessorament dels seus dos RCE ve\u00efns:<\/p>\n\n<div class=\"wp-block-columns are-vertically-aligned-center mobilefullwidth is-layout-flex wp-container-core-columns-is-layout-9d6595d7 wp-block-columns-is-layout-flex\">\n<div class=\"wp-block-column is-vertically-aligned-center mobilefullwidth is-layout-flow wp-block-column-is-layout-flow\"><div class=\"wp-block-image\">\n<figure class=\"aligncenter size-full\"><img loading=\"lazy\" decoding=\"async\" width=\"711\" height=\"512\" src=\"https:\/\/www.factoria-4-7.org\/wp-content\/uploads\/2023\/07\/cdbb0844-1a10-813c-8002-62c047a76361.jpeg\" alt=\"\" class=\"wp-image-4446\" srcset=\"https:\/\/www.factoria-4-7.org\/wp-content\/uploads\/2023\/07\/cdbb0844-1a10-813c-8002-62c047a76361.jpeg 711w, https:\/\/www.factoria-4-7.org\/wp-content\/uploads\/2023\/07\/cdbb0844-1a10-813c-8002-62c047a76361-300x216.jpeg 300w\" sizes=\"auto, (max-width: 711px) 100vw, 711px\" \/><\/figure>\n<\/div><\/div>\n\n\n\n<div class=\"wp-block-column is-vertically-aligned-center mobilefullwidth is-layout-flow wp-block-column-is-layout-flow\">\n<figure class=\"wp-block-image size-full\"><img loading=\"lazy\" decoding=\"async\" width=\"1024\" height=\"369\" src=\"https:\/\/www.factoria-4-7.org\/wp-content\/uploads\/2023\/07\/cdbb0844-1a10-813c-8002-62c04b97ccf1.jpeg\" alt=\"\" class=\"wp-image-4451\" srcset=\"https:\/\/www.factoria-4-7.org\/wp-content\/uploads\/2023\/07\/cdbb0844-1a10-813c-8002-62c04b97ccf1.jpeg 1024w, https:\/\/www.factoria-4-7.org\/wp-content\/uploads\/2023\/07\/cdbb0844-1a10-813c-8002-62c04b97ccf1-300x108.jpeg 300w, https:\/\/www.factoria-4-7.org\/wp-content\/uploads\/2023\/07\/cdbb0844-1a10-813c-8002-62c04b97ccf1-768x277.jpeg 768w\" sizes=\"auto, (max-width: 1024px) 100vw, 1024px\" \/><\/figure>\n<\/div>\n<\/div>\n\n<div class=\"wp-block-columns is-layout-flex wp-container-core-columns-is-layout-9d6595d7 wp-block-columns-is-layout-flex\">\n<div class=\"wp-block-column is-layout-flow wp-block-column-is-layout-flow\">\n<p class=\"has-text-align-center institution-link\"><a href=\"http:\/\/www.saberes.eu\/css\/en\/\" target=\"_blank\" rel=\"noreferrer noopener\">RCE Gal\u00edcia<\/a><\/p>\n<\/div>\n\n\n\n<div class=\"wp-block-column is-layout-flow wp-block-column-is-layout-flow\">\n<p class=\"has-text-align-center institution-link\"><a href=\"http:\/\/www.rce-bordeaux-aquitaine.fr\/\" target=\"_blank\" rel=\"noreferrer noopener\">RCE Bordeaux Aquitaine<\/a><\/p>\n<\/div>\n<\/div>\n\n<h2 class=\"wp-block-heading\">Qui \u00e9s cada entitat?<\/h2>\n\n<figure class=\"wp-block-image size-large\"><img loading=\"lazy\" decoding=\"async\" width=\"1024\" height=\"576\" src=\"https:\/\/www.factoria-4-7.org\/wp-content\/uploads\/2025\/01\/Logo_RCE-Basque-Country-Navarre-2025-Final-1024x576.jpg\" alt=\"\" class=\"wp-image-6972\" srcset=\"https:\/\/www.factoria-4-7.org\/wp-content\/uploads\/2025\/01\/Logo_RCE-Basque-Country-Navarre-2025-Final-1024x576.jpg 1024w, https:\/\/www.factoria-4-7.org\/wp-content\/uploads\/2025\/01\/Logo_RCE-Basque-Country-Navarre-2025-Final-300x169.jpg 300w, https:\/\/www.factoria-4-7.org\/wp-content\/uploads\/2025\/01\/Logo_RCE-Basque-Country-Navarre-2025-Final-768x432.jpg 768w, https:\/\/www.factoria-4-7.org\/wp-content\/uploads\/2025\/01\/Logo_RCE-Basque-Country-Navarre-2025-Final-1536x864.jpg 1536w, https:\/\/www.factoria-4-7.org\/wp-content\/uploads\/2025\/01\/Logo_RCE-Basque-Country-Navarre-2025-Final.jpg 2000w\" sizes=\"auto, (max-width: 1024px) 100vw, 1024px\" \/><\/figure>\n\n<p>El llistat complet de les 61 entitats que componen oficialment l\u2019<strong>RCE Basque Country-Navarre<\/strong> es troba disponible en aquesta p\u00e0gina.<\/p>\n\n<h2 class=\"wp-block-heading\">Grups de treball de l\u2019RCE<\/h2>\n\n<p>L\u2019RCE Basque Country-Navarre impulsa grups de treball tem\u00e0tics sobre:<\/p>\n\n<ul class=\"wp-block-list\">\n<li>Transici\u00f3 energ\u00e8tica i canvi clim\u00e0tic<\/li>\n\n\n\n<li>Joventut<\/li>\n\n\n\n<li>Ciutadania activa<\/li>\n\n\n\n<li>Desenvolupament hum\u00e0 sostenible<\/li>\n\n\n\n<li>Cultura de pau i no-viol\u00e8ncia<\/li>\n\n\n\n<li>Diversitat cultural i ling\u00fc\u00edstica<\/li>\n<\/ul>\n\n<p>Es pot trobar m\u00e9s informaci\u00f3 sobre el treball espec\u00edfic i la composici\u00f3 de cadascun d\u2019aquests grups a la pestanya corresponent.<\/p>\n\n<h2 class=\"wp-block-heading\">Governan\u00e7a<\/h2>\n\n<p>Secretari: Samuel Fern\u00e1ndez Diekert<\/p>\n\n<p>UN Etxea &#8211; Associaci\u00f3 del Pa\u00eds Basc per a la UNESCO<\/p>\n\n<p>s.fernandez-diekert@unetxea.org<\/p>\n\n<p>Vicesecretari: Eduardo Ochoa de Aspuru Guti\u00e9rrez<\/p>\n\n<p>Fundaci\u00f3n Jes\u00fas Obrero &#8211; Egibide<\/p>\n\n<p>eochoadeaspuru@egibide.org<\/p>\n\n<p>Coordinadora de Juventud: Ana Orallo Gil<\/p>\n\n<p>Centro de Formaci\u00f3n Somorrostro<\/p>\n\n<p>ana.orallo@somorrostro.com<\/p>\n\n<p>Les organitzacions seg\u00fcents componen el Grup Motor de l\u2019RCE Basque Country-Navarre:<\/p>\n\n<ul class=\"wp-block-list\">\n<li><a href=\"https:\/\/arizmendiarrietafundazioa.org\/\">Arizmendiarrieta Fundazioa<\/a><\/li>\n\n\n\n<li><a href=\"https:\/\/www.somorrostro.com\/\">Centro Formaci\u00f3n Somorrostro<\/a><\/li>\n\n\n\n<li><a href=\"https:\/\/ecivis.eus\/\">eCivis \u2013 Asociaci\u00f3n para la Promoci\u00f3n de la Ciudadan\u00eda Activa<\/a><\/li>\n\n\n\n<li><a href=\"https:\/\/www.egibide.org\/\">Fundaci\u00f3n Jes\u00fas Obrero &#8211; Egibide<\/a><\/li>\n\n\n\n<li><a href=\"https:\/\/www.territoriosconalma.org\/\">Hub IDGS Territorios con ALMA<\/a><\/li>\n\n\n\n<li><a href=\"https:\/\/www.lauaxeta.eus\/es\/\">Lauaxeta Ikastola<\/a><\/li>\n\n\n\n<li><a href=\"https:\/\/www.mancoeduca.com\/\">Mancoeduca<\/a><\/li>\n\n\n\n<li><a href=\"https:\/\/redayssnavarra.org\/\">Red Navarra de Aprendizaje y Servicio Solidario<\/a><\/li>\n\n\n\n<li><a href=\"https:\/\/unetxea.org\/\">UN Etxea &#8211; Associaci\u00f3 del Pa\u00eds Basc per a la UNESCO<\/a><\/li>\n\n\n\n<li><a href=\"https:\/\/zabalketa.org\/\">Zabalketa<\/a><\/li>\n<\/ul>\n\n<div style=\"height:20px\" aria-hidden=\"true\" class=\"wp-block-spacer\"><\/div>\n\n<p><\/p>\n","protected":false},"excerpt":{"rendered":"<p>L\u2019educaci\u00f3 per al desenvolupament sostenible (EDS) \u00e9s un dels instruments m\u00e9s poderosos per aconseguir aquesta transformaci\u00f3. Per aix\u00f2, UN Etxea impulsa el Regional Centre of Expertise (RCE) Basque Country-Navarre, una [&hellip;]<\/p>\n","protected":false},"author":4,"featured_media":27718,"parent":0,"menu_order":0,"comment_status":"closed","ping_status":"closed","template":"templates\/rce-list.php","meta":{"_acf_changed":false,"footnotes":""},"class_list":["post-27666","page","type-page","status-publish","has-post-thumbnail","hentry"],"acf":[],"_links":{"self":[{"href":"https:\/\/www.factoria-4-7.org\/ca\/wp-json\/wp\/v2\/pages\/27666","targetHints":{"allow":["GET"]}}],"collection":[{"href":"https:\/\/www.factoria-4-7.org\/ca\/wp-json\/wp\/v2\/pages"}],"about":[{"href":"https:\/\/www.factoria-4-7.org\/ca\/wp-json\/wp\/v2\/types\/page"}],"author":[{"embeddable":true,"href":"https:\/\/www.factoria-4-7.org\/ca\/wp-json\/wp\/v2\/users\/4"}],"replies":[{"embeddable":true,"href":"https:\/\/www.factoria-4-7.org\/ca\/wp-json\/wp\/v2\/comments?post=27666"}],"version-history":[{"count":1,"href":"https:\/\/www.factoria-4-7.org\/ca\/wp-json\/wp\/v2\/pages\/27666\/revisions"}],"predecessor-version":[{"id":27725,"href":"https:\/\/www.factoria-4-7.org\/ca\/wp-json\/wp\/v2\/pages\/27666\/revisions\/27725"}],"wp:featuredmedia":[{"embeddable":true,"href":"https:\/\/www.factoria-4-7.org\/ca\/wp-json\/wp\/v2\/media\/27718"}],"wp:attachment":[{"href":"https:\/\/www.factoria-4-7.org\/ca\/wp-json\/wp\/v2\/media?parent=27666"}],"curies":[{"name":"wp","href":"https:\/\/api.w.org\/{rel}","templated":true}]}}