{"id":3,"date":"2022-12-02T10:12:05","date_gmt":"2022-12-02T10:12:05","guid":{"rendered":"https:\/\/www.factoria-4-7.org\/?page_id=3"},"modified":"2023-09-11T13:32:53","modified_gmt":"2023-09-11T11:32:53","slug":"politica-privacidad","status":"publish","type":"page","link":"https:\/\/www.factoria-4-7.org\/ca\/politica-privacidad\/","title":{"rendered":"Pol\u00edtica de privacidad"},"content":{"rendered":"\n<h3 class=\"wp-block-heading\">1. PROTECCI\u00d3N DE DATOS DE CAR\u00c1CTER PERSONAL<\/h3>\n\n\n\n<p>UNESCO Etxea respeta la privacidad de las personas usuarias y el secreto y seguridad de los datos personales, de conformidad con lo establecido en la legislaci\u00f3n aplicable en materia de protecci\u00f3n de datos, en concreto, el Reglamento 2016\/679 del Parlamento Europeo y del Consejo de 27 de abril de 2016, y su normativa de desarrollo, habiendo adoptado para ello las medidas t\u00e9cnicas y organizativas necesarias para evitar la p\u00e9rdida, mal uso, alteraci\u00f3n, acceso no autorizado y robo de los datos personales facilitados, habida cuenta del estado de la tecnolog\u00eda, la naturaleza de los datos y los riesgos a los que est\u00e1n expuestos.<\/p>\n\n\n\n<p>En los supuestos en los que para acceder a alguno de los servicios ofrecidos en esta web sea precisa la aportaci\u00f3n de datos de car\u00e1cter personal, el tratamiento de estos datos se basar\u00e1 en el consentimiento de la persona interesada, a trav\u00e9s de la aceptaci\u00f3n de este aviso legal y pol\u00edtica de privacidad.<\/p>\n\n\n\n<p>Los datos personales s\u00f3lo se tratar\u00e1n con la finalidad de prestarle el servicio solicitado, y no ser\u00e1n en ning\u00fan caso cedidos a terceros, salvo por obligaci\u00f3n legal.<\/p>\n\n\n\n<p>Dichos datos personales ser\u00e1n conservados durante el tiempo que dure la relaci\u00f3n que vincule a la persona usuaria con UNESCO Etxea, y en cualquier caso en los plazos establecidos para dar cumplimiento a las obligaciones legales derivadas de dicha relaci\u00f3n.<\/p>\n\n\n\n<p>La pol\u00edtica de privacidad de UNESCO Etxea garantiza a la persona usuaria en todo caso la posibilidad de ejercitar sus derechos: el acceso a los datos personales relativos a la persona interesada, y su rectificaci\u00f3n o supresi\u00f3n, o la limitaci\u00f3n de su tratamiento, el derecho a la portabilidad de los datos, o a oponerse al tratamiento, pudiendo ejercitar dichos derechos bien por correo ordinario dirigido a: UNESCO Etxea. Paseo Uribitarte 12, Local 2. 48001 Bilbao; bien por e-mail: <a href=\"mailto:info@unescoetxea.org\">info@unescoetxea.org<\/a> o bien ante la Agencia Espa\u00f1ola de Protecci\u00f3n de Datos.<\/p>\n\n\n\n<p>En el caso de que nos facilite sus datos personales, al aceptar este aviso legal y pol\u00edtica de privacidad, la persona usuaria est\u00e1 prestando el consentimiento para que los mismos sean utilizados seg\u00fan los t\u00e9rminos aqu\u00ed establecidos.<\/p>\n\n\n\n<h3 class=\"wp-block-heading\">2. LEY APLICABLE Y JURISDICCI\u00d3N<\/h3>\n\n\n\n<p>La utilizaci\u00f3n de esta p\u00e1gina web se rige por la ley espa\u00f1ola y de la Uni\u00f3n Europea. Cualquier disputa que pueda surgir en la interpretaci\u00f3n de estas condiciones se resolver\u00e1 en los tribunales del lugar donde tenga fijada su residencia la persona usuaria.<\/p>\n","protected":false},"excerpt":{"rendered":"<p>1. PROTECCI\u00d3N DE DATOS DE CAR\u00c1CTER PERSONAL UNESCO Etxea respeta la privacidad de las personas usuarias y el secreto y seguridad de los datos personales, de conformidad con lo establecido [&hellip;]<\/p>\n","protected":false},"author":68,"featured_media":4547,"parent":0,"menu_order":0,"comment_status":"closed","ping_status":"closed","template":"","meta":{"_acf_changed":false,"footnotes":""},"class_list":["post-3","page","type-page","status-publish","has-post-thumbnail","hentry"],"acf":[],"_links":{"self":[{"href":"https:\/\/www.factoria-4-7.org\/ca\/wp-json\/wp\/v2\/pages\/3","targetHints":{"allow":["GET"]}}],"collection":[{"href":"https:\/\/www.factoria-4-7.org\/ca\/wp-json\/wp\/v2\/pages"}],"about":[{"href":"https:\/\/www.factoria-4-7.org\/ca\/wp-json\/wp\/v2\/types\/page"}],"author":[{"embeddable":true,"href":"https:\/\/www.factoria-4-7.org\/ca\/wp-json\/wp\/v2\/users\/68"}],"replies":[{"embeddable":true,"href":"https:\/\/www.factoria-4-7.org\/ca\/wp-json\/wp\/v2\/comments?post=3"}],"version-history":[{"count":3,"href":"https:\/\/www.factoria-4-7.org\/ca\/wp-json\/wp\/v2\/pages\/3\/revisions"}],"predecessor-version":[{"id":4549,"href":"https:\/\/www.factoria-4-7.org\/ca\/wp-json\/wp\/v2\/pages\/3\/revisions\/4549"}],"wp:featuredmedia":[{"embeddable":true,"href":"https:\/\/www.factoria-4-7.org\/ca\/wp-json\/wp\/v2\/media\/4547"}],"wp:attachment":[{"href":"https:\/\/www.factoria-4-7.org\/ca\/wp-json\/wp\/v2\/media?parent=3"}],"curies":[{"name":"wp","href":"https:\/\/api.w.org\/{rel}","templated":true}]}}