{"id":239,"date":"2022-12-13T10:05:36","date_gmt":"2022-12-13T10:05:36","guid":{"rendered":"https:\/\/www.factoria-4-7.org\/?page_id=239"},"modified":"2026-02-23T13:57:24","modified_gmt":"2026-02-23T12:57:24","slug":"alianzas","status":"publish","type":"page","link":"https:\/\/www.factoria-4-7.org\/fr\/alianzas\/","title":{"rendered":"Alianzas"},"content":{"rendered":"\n<div class=\"wp-block-columns alignwide are-vertically-aligned-center mobile-flex-direction-reverse is-layout-flex wp-container-core-columns-is-layout-9d6595d7 wp-block-columns-is-layout-flex\">\n<div class=\"wp-block-column is-vertically-aligned-center is-layout-flow wp-block-column-is-layout-flow\" style=\"flex-basis:66.66%\">\n<h2 class=\"wp-block-heading has-large-font-size\">Agencia Vasca de Cooperaci\u00f3n para el Desarrollo <\/h2>\n\n\n\n<p>eLankidetza-Agencia Vasca de Cooperaci\u00f3n para el Desarrollo (AVCD) es el ente p\u00fablico encargado de planificar, coordinar, ejecutar y evaluar la pol\u00edtica de cooperaci\u00f3n para el desarrollo del Gobierno Vasco. La AVCD canaliza la solidaridad internacional y se suma a los esfuerzos de m\u00faltiples agentes a nivel local e internacional en la promoci\u00f3n del desarrollo humano sostenible y la lucha contra la pobreza y las desigualdades. eLankidetza aspira a ayudar a impulsar una ciudadan\u00eda cr\u00edtica y activa, que desde Euskadi apueste por el bien com\u00fan, la corresponsabilidad y la solidaridad entre los pueblos.&nbsp;<\/p>\n\n\n<button id=\"\" class=\"read-hidden active\" >\n<span class=\"active-label\">Leer mas&#8230;<\/span>\n<span class=\"unactive-label\">Leer menos&#8230;<\/span>\n<\/button>\n\n\n\n<p><em>Factor\u00eda 4.7<\/em> responde a la Estrategia de Educaci\u00f3n para la Transformaci\u00f3n Social (EpTS) (H)ABIAN 2030 de la AVCD, que presenta una invitaci\u00f3n y una gu\u00eda para que las instituciones p\u00fablicas vascas, ONGD, otras organizaciones diversas y movimientos, se sumen conjuntamente a realizar aportaciones a procesos educativos que contribuyan realmente a una transformaci\u00f3n social en la que los derechos humanos, las relaciones equitativas de poder, la vinculaci\u00f3n entre lo local y global y el cuidado de la naturaleza sean una realidad en este mundo interdependiente y globalizado. <\/p>\n\n\n\n<p>En este contexto, <em>Factor\u00eda 4.7<\/em> pretende instaurar cambios en las instituciones p\u00fablicas, y enmarcarse en el cambio 16 de la estrategia de EpTS del GV que pretende contribuir de forma espec\u00edfica a la concreci\u00f3n de una agenda de los ODS desde Euskadi y en Iberoam\u00e9rica con enfoque de Derechos Humanos. Por esta raz\u00f3n, la AVCD es la entidad motora dentro del GV a trav\u00e9s de la cual se canaliza el respaldo a <em>Factor\u00eda 4.7<\/em> a trav\u00e9s del apoyo financiero a su ejecuci\u00f3n, as\u00ed como de representaci\u00f3n institucional en los espacios locales e internacionales que el proyecto genere y se consideren de inter\u00e9s.<\/p>\n<\/div>\n\n\n\n<div class=\"wp-block-column is-vertically-aligned-center is-layout-flow wp-block-column-is-layout-flow\" style=\"flex-basis:33.33%\"><div class=\"wp-block-image is-resized\">\n<figure class=\"aligncenter size-medium\"><img loading=\"lazy\" decoding=\"async\" width=\"300\" height=\"174\" src=\"https:\/\/www.factoria-4-7.org\/wp-content\/uploads\/2022\/12\/Agencia-Vasca-de-Cooperacion-para-el-Desarrollo-AVCD-300x174.jpg\" alt=\"\" class=\"wp-image-242\" srcset=\"https:\/\/www.factoria-4-7.org\/wp-content\/uploads\/2022\/12\/Agencia-Vasca-de-Cooperacion-para-el-Desarrollo-AVCD-300x174.jpg 300w, https:\/\/www.factoria-4-7.org\/wp-content\/uploads\/2022\/12\/Agencia-Vasca-de-Cooperacion-para-el-Desarrollo-AVCD-1024x596.jpg 1024w, https:\/\/www.factoria-4-7.org\/wp-content\/uploads\/2022\/12\/Agencia-Vasca-de-Cooperacion-para-el-Desarrollo-AVCD-768x447.jpg 768w, https:\/\/www.factoria-4-7.org\/wp-content\/uploads\/2022\/12\/Agencia-Vasca-de-Cooperacion-para-el-Desarrollo-AVCD-1536x893.jpg 1536w, https:\/\/www.factoria-4-7.org\/wp-content\/uploads\/2022\/12\/Agencia-Vasca-de-Cooperacion-para-el-Desarrollo-AVCD-2048x1191.jpg 2048w\" sizes=\"auto, (max-width: 300px) 100vw, 300px\" \/><\/figure>\n<\/div><\/div>\n<\/div>\n\n\n\n<div class=\"wp-block-columns alignwide are-vertically-aligned-center mobile-flex-direction-reverse is-layout-flex wp-container-core-columns-is-layout-9d6595d7 wp-block-columns-is-layout-flex\">\n<div class=\"wp-block-column is-vertically-aligned-center is-layout-flow wp-block-column-is-layout-flow\" style=\"flex-basis:66.66%\">\n<h2 class=\"wp-block-heading has-large-font-size\">Agencia Espa\u00f1ola de Cooperaci\u00f3n Internacional al Desarrollo<\/h2>\n\n\n\n<p><em>Factor\u00eda 4.7 <\/em>contribuye al objetivo del Gobierno de Espa\u00f1a por avanzar en la integraci\u00f3n de la Agenda 2030 tanto en su acci\u00f3n nacional, como internacional, como se reflejan en el Plan de Acci\u00f3n para la Implementaci\u00f3n de la Agenda 2030, las Directrices Generales de la Estrategia de Desarrollo Sostenible y las estrategias de diversos ministerios.<\/p>\n\n\n\n<p>En particular, el Ministerio de Asuntos Exteriores, Uni\u00f3n Europea y Cooperaci\u00f3n, a trav\u00e9s de la Agencia Espa\u00f1ola de Cooperaci\u00f3n Internacional al Desarrollo (AECID) es la entidad motora dentro del Gobierno de Espa\u00f1a, ya que <em>Factor\u00eda 4.7 <\/em>contribuye directamente al V Plan Director 2018-2021, especialmente a la Estrategia de Educaci\u00f3n para el Desarrollo.<\/p>\n\n\n<button id=\"\" class=\"read-hidden active\" >\n<span class=\"active-label\">Leer mas&#8230;<\/span>\n<span class=\"unactive-label\">Leer menos&#8230;<\/span>\n<\/button>\n\n\n\n<p>As\u00ed mismo, a trav\u00e9s de la Comisi\u00f3n Nacional de Cooperaci\u00f3n con la UNESCO, <em>Factor\u00eda 4.7<\/em> se enmarca dentro de los esfuerzos de la AECID de promover en Am\u00e9rica Latina y el Caribe, en alianza con UNESCO, un marco de referencia sobre ciudadan\u00eda global y un modelo de formaci\u00f3n docente que facilite el avance en la consecuci\u00f3n de la meta 4.7 del ODS 4 haciendo especial hincapi\u00e9 en la ciudadan\u00eda mundial.<\/p>\n<\/div>\n\n\n\n<div class=\"wp-block-column is-vertically-aligned-center is-layout-flow wp-block-column-is-layout-flow\" style=\"flex-basis:33.33%\">\n<div class=\"wp-block-group is-content-justification-center is-layout-flex wp-container-core-group-is-layout-64b26803 wp-block-group-is-layout-flex\"><div class=\"wp-block-image is-resized\">\n<figure class=\"aligncenter size-medium\"><img loading=\"lazy\" decoding=\"async\" width=\"300\" height=\"169\" src=\"https:\/\/www.factoria-4-7.org\/wp-content\/uploads\/2022\/12\/AECID_logo-300x169.png\" alt=\"\" class=\"wp-image-243\" srcset=\"https:\/\/www.factoria-4-7.org\/wp-content\/uploads\/2022\/12\/AECID_logo-300x169.png 300w, https:\/\/www.factoria-4-7.org\/wp-content\/uploads\/2022\/12\/AECID_logo-1024x577.png 1024w, https:\/\/www.factoria-4-7.org\/wp-content\/uploads\/2022\/12\/AECID_logo-768x433.png 768w, https:\/\/www.factoria-4-7.org\/wp-content\/uploads\/2022\/12\/AECID_logo.png 1280w\" sizes=\"auto, (max-width: 300px) 100vw, 300px\" \/><\/figure>\n<\/div>\n\n<div class=\"wp-block-image is-resized\">\n<figure class=\"aligncenter size-medium\"><img loading=\"lazy\" decoding=\"async\" width=\"300\" height=\"236\" src=\"https:\/\/www.factoria-4-7.org\/wp-content\/uploads\/2022\/12\/UNESCO-comisionNacional-Espanola-300x236.png\" alt=\"\" class=\"wp-image-245\" srcset=\"https:\/\/www.factoria-4-7.org\/wp-content\/uploads\/2022\/12\/UNESCO-comisionNacional-Espanola-300x236.png 300w, https:\/\/www.factoria-4-7.org\/wp-content\/uploads\/2022\/12\/UNESCO-comisionNacional-Espanola-768x604.png 768w, https:\/\/www.factoria-4-7.org\/wp-content\/uploads\/2022\/12\/UNESCO-comisionNacional-Espanola.png 852w\" sizes=\"auto, (max-width: 300px) 100vw, 300px\" \/><\/figure>\n<\/div><\/div>\n<\/div>\n<\/div>\n\n\n\n<div class=\"wp-block-columns alignwide are-vertically-aligned-center mobile-flex-direction-reverse is-layout-flex wp-container-core-columns-is-layout-9d6595d7 wp-block-columns-is-layout-flex\">\n<div class=\"wp-block-column is-vertically-aligned-center is-layout-flow wp-block-column-is-layout-flow\" style=\"flex-basis:66.66%\">\n<h2 class=\"wp-block-heading has-large-font-size\">Futuro en Com\u00fan (FeC)<\/h2>\n\n\n\n<p>Futuro en Com\u00fan (FeC) est\u00e1 formada por entidades y colectivos de sectores diversos que trabajan juntas para acabar con las causas globales y locales de la pobreza, la desigualdad y a favor del desarrollo sostenible. Para lograrlo, busca contribuir a que la puesta en marcha de la Agenda 2030 en su dimensi\u00f3n local e internacional sea una palanca de cambio para un desarrollo sostenible que ponga a las personas en el centro.&nbsp;<\/p>\n\n\n\n<p>En el marco del Convenio AECID 2022\/PCONV\/517 \u201cUna ciudadan\u00eda global movilizada por un Futuro en Com\u00fan en un mundo interdependiente en (re)construcci\u00f3n\u201d, ejecutado por Enra\u00edza Derechos y ECODES, Factor\u00eda 4.7 contribuye a la generaci\u00f3n de banco de recursos para trabajar Agenda 2030 como agenda de transformaci\u00f3n en distintos espacios educativos, incluyendo mapeo de distintas actividades y metodolog\u00edas ya testadas y exitosas.<\/p>\n<\/div>\n\n\n\n<div class=\"wp-block-column is-vertically-aligned-center is-layout-flow wp-block-column-is-layout-flow\" style=\"flex-basis:33.33%\">\n<figure class=\"wp-block-image size-full\"><img loading=\"lazy\" decoding=\"async\" width=\"387\" height=\"313\" src=\"https:\/\/www.factoria-4-7.org\/wp-content\/uploads\/2024\/03\/Logo_Futuro-En-Comun.png\" alt=\"\" class=\"wp-image-5274\" srcset=\"https:\/\/www.factoria-4-7.org\/wp-content\/uploads\/2024\/03\/Logo_Futuro-En-Comun.png 387w, https:\/\/www.factoria-4-7.org\/wp-content\/uploads\/2024\/03\/Logo_Futuro-En-Comun-300x243.png 300w\" sizes=\"auto, (max-width: 387px) 100vw, 387px\" \/><\/figure>\n<\/div>\n<\/div>\n\n\n\n<div class=\"wp-block-columns alignwide are-vertically-aligned-center mobile-flex-direction-reverse is-layout-flex wp-container-core-columns-is-layout-9d6595d7 wp-block-columns-is-layout-flex\">\n<div class=\"wp-block-column is-vertically-aligned-center is-layout-flow wp-block-column-is-layout-flow\" style=\"flex-basis:66.66%\">\n<h2 class=\"wp-block-heading has-large-font-size\">UNESCO<\/h2>\n\n\n\n<p><em>Factor\u00eda 4.7<\/em> se sustenta en las prioridades estipuladas en el marco normativo e institucional internacional, representado no s\u00f3lo por el Sistema de las Naciones Unidas, sino por organizaciones como el Consejo de Europa que sostiene la defensa, protecci\u00f3n y promoci\u00f3n de los Derechos Humanos en el apoyo a iniciativas ligadas a la EDS. Asimismo, <em>Factor\u00eda 4.7<\/em> responde a la necesidad identificada en la Conferencia Mundial de EDS 2021 organizada por la UNESCO, y especificada en la resultante Declaraci\u00f3n de Berl\u00edn, de generar plataformas para compartir el conocimiento existente en Agenda 2030 a trav\u00e9s de la EDS. <em>Factor\u00eda 4.7<\/em> trabaja estrechamente tanto con la sede de UNESCO en Par\u00eds, como con las oficinas UNESCO en Iberoam\u00e9rica, especialmente la Oficina Regional de Educaci\u00f3n para Am\u00e9rica Latina y el Caribe (OREALC\/UNESCO Santiago).<\/p>\n\n\n<button id=\"\" class=\"read-hidden active\" >\n<span class=\"active-label\">Leer mas&#8230;<\/span>\n<span class=\"unactive-label\">Leer menos&#8230;<\/span>\n<\/button>\n\n\n\n<p>La Oficina Regional de Educaci\u00f3n para Am\u00e9rica Latina y el Caribe (OREALC\/UNESCO Santiago) tiene el mandato de coordinar e impulsar la implementaci\u00f3n de la Agenda de Educaci\u00f3n 2030 en Am\u00e9rica Latina y el Caribe, apoyando a los Estados Miembros en el cumplimiento de sus obligaciones con el fin de asegurar el derecho a la educaci\u00f3n.<\/p>\n\n\n\n<p>Dentro de ese mandato, OREALC\/UNESCO Santiago considera que el proyecto <em>Factor\u00eda 4.7<\/em> constituye una herramienta significativa para avanzar en la Educaci\u00f3n para el Desarrollo Sostenible, y en general en la meta 4.7 del ODS 4 de Educaci\u00f3n de Calidad en la regi\u00f3n. Su alineamiento con la Hoja de Ruta EDS para 2030, su car\u00e1cter innovador y la perspectiva multiactor de la misma permite que OREALC\/UNESCO manifieste su disponibilidad para trabajar con Factor\u00eda 4.7 en los sectores que conforman el mandato de su organizaci\u00f3n.<\/p>\n<\/div>\n\n\n\n<div class=\"wp-block-column is-vertically-aligned-center is-layout-flow wp-block-column-is-layout-flow\" style=\"flex-basis:33.33%\"><div class=\"wp-block-image is-resized\">\n<figure class=\"aligncenter size-medium\"><img loading=\"lazy\" decoding=\"async\" width=\"300\" height=\"289\" src=\"https:\/\/www.factoria-4-7.org\/wp-content\/uploads\/2022\/12\/unesco_logo_ver_blue_eng-300x289.png\" alt=\"\" class=\"wp-image-249\" srcset=\"https:\/\/www.factoria-4-7.org\/wp-content\/uploads\/2022\/12\/unesco_logo_ver_blue_eng-300x289.png 300w, https:\/\/www.factoria-4-7.org\/wp-content\/uploads\/2022\/12\/unesco_logo_ver_blue_eng-1024x987.png 1024w, https:\/\/www.factoria-4-7.org\/wp-content\/uploads\/2022\/12\/unesco_logo_ver_blue_eng-768x741.png 768w, https:\/\/www.factoria-4-7.org\/wp-content\/uploads\/2022\/12\/unesco_logo_ver_blue_eng-1536x1481.png 1536w, https:\/\/www.factoria-4-7.org\/wp-content\/uploads\/2022\/12\/unesco_logo_ver_blue_eng.png 1704w\" sizes=\"auto, (max-width: 300px) 100vw, 300px\" \/><\/figure>\n<\/div><\/div>\n<\/div>\n\n\n\n<div class=\"wp-block-columns alignwide are-vertically-aligned-center mobile-flex-direction-reverse is-layout-flex wp-container-core-columns-is-layout-9d6595d7 wp-block-columns-is-layout-flex\">\n<div class=\"wp-block-column is-vertically-aligned-center is-layout-flow wp-block-column-is-layout-flow\" style=\"flex-basis:66.66%\">\n<h2 class=\"wp-block-heading has-large-font-size\">DG Agenda 2030<\/h2>\n\n\n\n<p>La Direcci\u00f3n General de Agenda 2030 es el \u00f3rgano directivo del Ministerio de Derechos Sociales, Consumo y Agenda 2030 en Espa\u00f1a. Esta direcci\u00f3n general, creada en enero de 2020, es responsable de la propuesta y ejecuci\u00f3n de la pol\u00edtica del Gobierno de la Naci\u00f3n en materia de impulso, seguimiento y cooperaci\u00f3n para la implementaci\u00f3n de la Agenda 2030 para el desarrollo sostenible.<\/p>\n\n\n<button id=\"\" class=\"read-hidden active\" >\n<span class=\"active-label\">Leer mas&#8230;<\/span>\n<span class=\"unactive-label\">Leer menos&#8230;<\/span>\n<\/button>\n\n\n\n<p>Adem\u00e1s, se encarga de la gesti\u00f3n y coordinaci\u00f3n de las relaciones internacionales en las materias competencia del Ministerio. La DG Agenda ha financiado la Fase II del proyecto Factor\u00eda 4.7 \u2013 Plataforma Iberoamericana de Educaci\u00f3n para el Desarrollo Sostenible (EDS). Una herramienta multidimensional para el avance de la Agenda 2030 por v\u00eda de la meta 4.7 de los ODS, como parte de su estrategia de apoyar proyectos e iniciativas que promuevan el trabajo en red y a la generaci\u00f3n de alianzas multiactor inclusivas, en l\u00ednea con el Objetivo de Desarrollo Sostenible 17, que tengan como objetivo fortalecer y acelerar la implementaci\u00f3n de la Agenda 2030 y contribuyan al abordaje de los retos pa\u00eds priorizados en la Estrategia de Desarrollo Sostenible 2030.<\/p>\n\n\n\n<p><\/p>\n<\/div>\n\n\n\n<div class=\"wp-block-column is-vertically-aligned-center is-layout-flow wp-block-column-is-layout-flow\" style=\"flex-basis:33.33%\"><div class=\"wp-block-image is-resized\">\n<figure class=\"aligncenter size-medium\"><img loading=\"lazy\" decoding=\"async\" width=\"171\" height=\"300\" src=\"https:\/\/www.factoria-4-7.org\/wp-content\/uploads\/2026\/02\/Logo-DG-Agenda-2030-vertical-171x300.jpg\" alt=\"\" class=\"wp-image-27828\" srcset=\"https:\/\/www.factoria-4-7.org\/wp-content\/uploads\/2026\/02\/Logo-DG-Agenda-2030-vertical-171x300.jpg 171w, https:\/\/www.factoria-4-7.org\/wp-content\/uploads\/2026\/02\/Logo-DG-Agenda-2030-vertical.jpg 315w\" sizes=\"auto, (max-width: 171px) 100vw, 171px\" \/><\/figure>\n<\/div><\/div>\n<\/div>\n\n\n\n<div style=\"height:100px\" aria-hidden=\"true\" class=\"wp-block-spacer\"><\/div>\n","protected":false},"excerpt":{"rendered":"<p>Agencia Vasca de Cooperaci\u00f3n para el Desarrollo eLankidetza-Agencia Vasca de Cooperaci\u00f3n para el Desarrollo (AVCD) es el ente p\u00fablico encargado de planificar, coordinar, ejecutar y evaluar la pol\u00edtica de cooperaci\u00f3n [&hellip;]<\/p>\n","protected":false},"author":4,"featured_media":4421,"parent":0,"menu_order":0,"comment_status":"closed","ping_status":"closed","template":"","meta":{"_acf_changed":false,"footnotes":""},"class_list":["post-239","page","type-page","status-publish","has-post-thumbnail","hentry"],"acf":[],"_links":{"self":[{"href":"https:\/\/www.factoria-4-7.org\/fr\/wp-json\/wp\/v2\/pages\/239","targetHints":{"allow":["GET"]}}],"collection":[{"href":"https:\/\/www.factoria-4-7.org\/fr\/wp-json\/wp\/v2\/pages"}],"about":[{"href":"https:\/\/www.factoria-4-7.org\/fr\/wp-json\/wp\/v2\/types\/page"}],"author":[{"embeddable":true,"href":"https:\/\/www.factoria-4-7.org\/fr\/wp-json\/wp\/v2\/users\/4"}],"replies":[{"embeddable":true,"href":"https:\/\/www.factoria-4-7.org\/fr\/wp-json\/wp\/v2\/comments?post=239"}],"version-history":[{"count":45,"href":"https:\/\/www.factoria-4-7.org\/fr\/wp-json\/wp\/v2\/pages\/239\/revisions"}],"predecessor-version":[{"id":27830,"href":"https:\/\/www.factoria-4-7.org\/fr\/wp-json\/wp\/v2\/pages\/239\/revisions\/27830"}],"wp:featuredmedia":[{"embeddable":true,"href":"https:\/\/www.factoria-4-7.org\/fr\/wp-json\/wp\/v2\/media\/4421"}],"wp:attachment":[{"href":"https:\/\/www.factoria-4-7.org\/fr\/wp-json\/wp\/v2\/media?parent=239"}],"curies":[{"name":"wp","href":"https:\/\/api.w.org\/{rel}","templated":true}]}}