{"id":257,"date":"2022-12-15T11:57:26","date_gmt":"2022-12-15T11:57:26","guid":{"rendered":"https:\/\/www.factoria-4-7.org\/?page_id=257"},"modified":"2026-01-28T16:17:36","modified_gmt":"2026-01-28T15:17:36","slug":"rce-basque-country-navarre","status":"publish","type":"page","link":"https:\/\/www.factoria-4-7.org\/fr\/rce-basque-country-navarre\/","title":{"rendered":"RCE Basque Country-Navarre"},"content":{"rendered":"\n<div class=\"wp-block-group is-vertical is-layout-flex wp-container-core-group-is-layout-8cf370e7 wp-block-group-is-layout-flex\">\n<figure class=\"wp-block-gallery has-nested-images columns-default is-cropped wp-block-gallery-1 is-layout-flex wp-block-gallery-is-layout-flex\">\n<figure class=\"wp-block-image size-large\"><img loading=\"lazy\" decoding=\"async\" width=\"1024\" height=\"410\" data-id=\"27495\" src=\"https:\/\/www.factoria-4-7.org\/wp-content\/uploads\/2026\/01\/Logo-RCE-Basque-UNU-color-1024x410.jpg\" alt=\"\" class=\"wp-image-27495\" srcset=\"https:\/\/www.factoria-4-7.org\/wp-content\/uploads\/2026\/01\/Logo-RCE-Basque-UNU-color-1024x410.jpg 1024w, https:\/\/www.factoria-4-7.org\/wp-content\/uploads\/2026\/01\/Logo-RCE-Basque-UNU-color-300x120.jpg 300w, https:\/\/www.factoria-4-7.org\/wp-content\/uploads\/2026\/01\/Logo-RCE-Basque-UNU-color-768x307.jpg 768w, https:\/\/www.factoria-4-7.org\/wp-content\/uploads\/2026\/01\/Logo-RCE-Basque-UNU-color-1536x615.jpg 1536w, https:\/\/www.factoria-4-7.org\/wp-content\/uploads\/2026\/01\/Logo-RCE-Basque-UNU-color-2048x820.jpg 2048w\" sizes=\"auto, (max-width: 1024px) 100vw, 1024px\" \/><\/figure>\n<\/figure>\n\n\n\n<p>La Educaci\u00f3n para el Desarrollo Sostenible (EDS) es uno de los instrumentos m\u00e1s poderosos para lograr esta transformaci\u00f3n. Por ello, UN Etxea impulsa el <strong>Regional Centre of Expertise (RCE) Basque Country-Navarre<\/strong>, una iniciativa reconocida por la <a href=\"https:\/\/unu.edu\/\">Universidad de las Naciones Unidas<\/a> y la <a href=\"https:\/\/www.unesco.org\/es\">UNESCO<\/a> que articula redes de aprendizaje y colaboraci\u00f3n entre instituciones educativas, administraciones p\u00fablicas, empresas y sociedad civil.<\/p>\n\n\n\n<p>El RCE permite que Euskadi, Navarra e Iparralde se integren en una red internacional de innovaci\u00f3n educativa, compartiendo experiencias y metodolog\u00edas que fortalecen la capacidad del territorio para afrontar retos como el cambio clim\u00e1tico, la desigualdad o la p\u00e9rdida de biodiversidad.<\/p>\n\n\n\n<p>Con esta apuesta, UN Etxea refuerza su papel como puente entre lo local y lo global, asegurando que la educaci\u00f3n sea un motor de cambio hacia sociedades m\u00e1s justas, sostenibles y resilientes. El RCE no solo promueve la formaci\u00f3n y la investigaci\u00f3n, sino que tambi\u00e9n genera espacios de di\u00e1logo y acci\u00f3n colectiva, alineando la realidad vasca y navarra con los compromisos internacionales y proyectando su liderazgo en foros globales.<\/p>\n\n\n\n<figure class=\"wp-block-image size-large\"><img loading=\"lazy\" decoding=\"async\" width=\"1024\" height=\"302\" src=\"https:\/\/www.factoria-4-7.org\/wp-content\/uploads\/2026\/01\/Presentacion-Factoria-4.7-35-1024x302.jpg\" alt=\"\" class=\"wp-image-27496\" srcset=\"https:\/\/www.factoria-4-7.org\/wp-content\/uploads\/2026\/01\/Presentacion-Factoria-4.7-35-1024x302.jpg 1024w, https:\/\/www.factoria-4-7.org\/wp-content\/uploads\/2026\/01\/Presentacion-Factoria-4.7-35-300x89.jpg 300w, https:\/\/www.factoria-4-7.org\/wp-content\/uploads\/2026\/01\/Presentacion-Factoria-4.7-35-768x227.jpg 768w, https:\/\/www.factoria-4-7.org\/wp-content\/uploads\/2026\/01\/Presentacion-Factoria-4.7-35-1536x454.jpg 1536w, https:\/\/www.factoria-4-7.org\/wp-content\/uploads\/2026\/01\/Presentacion-Factoria-4.7-35-2048x605.jpg 2048w\" sizes=\"auto, (max-width: 1024px) 100vw, 1024px\" \/><\/figure>\n\n\n\n<h2 class=\"wp-block-heading\">Pretensi\u00f3n del RCE. \u00bfQu\u00e9 es?<\/h2>\n<\/div>\n\n\n\n<p>El <strong>Regional Centre of Expertise (RCE) Basque Country-Navarre<\/strong> es una red reconocida oficialmente por el <a href=\"https:\/\/unu.edu\/ias\">Instituto para el Estudio Avanzado de la Sostenibilidad de la Universidad de las Naciones Unidas (UNU-IAS)<\/a>. Forma parte del <a href=\"https:\/\/www.unesco.org\/es\/articles\/educacion-para-el-desarrollo-sostenible-hoja-de-ruta\">Programa de Acci\u00f3n Global de la UNESCO para la Educaci\u00f3n para el Desarrollo Sostenible (EDS)<\/a> y tiene como objetivo trasladar los principios globales de la Agenda 2030 al contexto local de Euskadi y Navarra, as\u00ed como del Pa\u00eds Vasco franc\u00e9s.<\/p>\n\n\n\n<p>El RCE Basque Country-Navarre re\u00fane a organizaciones vinculadas a la educaci\u00f3n formal, no formal e informal para impulsar el aprendizaje hacia la sostenibilidad, fomentando la innovaci\u00f3n y la acci\u00f3n colaborativa. Su misi\u00f3n es acelerar soluciones sostenibles a nivel local mediante alianzas multisectoriales y la creaci\u00f3n de espacios de di\u00e1logo y aprendizaje compartido.<\/p>\n\n\n\n<p>Gracias a sus v\u00ednculos oficiales con las agencias de la ONU, las instituciones de educaci\u00f3n formal y los educadores informales de todo el mundo, los RCEs est\u00e1n en una posici\u00f3n ideal para implementar y aplicar a nivel local convenciones y marcos program\u00e1ticos globales en materia de EDS.<\/p>\n\n\n\n<p>El <strong>RCE Basque Country-Navarre <\/strong>re\u00fane a miembros multisectoriales e interdisciplinarios que no siempre trabajamos conjuntamente y que estamos en una posici\u00f3n \u00fanica para ayudar a crear soluciones a los retos de la sostenibilidad a trav\u00e9s del di\u00e1logo, la educaci\u00f3n y el aprendizaje. Adem\u00e1s, las actividades del <strong>RCE Basque Country-Navarre <\/strong>fomentar\u00e1n la innovaci\u00f3n y los nuevos enfoques del desarrollo sostenible, convirtiendo los conocimientos existentes en acciones concretas y capacitando a los individuos para que tomen decisiones sostenibles para s\u00ed mismos y para sus comunidades.<\/p>\n\n\n\n<figure class=\"wp-block-image size-large\"><img loading=\"lazy\" decoding=\"async\" width=\"1024\" height=\"683\" src=\"https:\/\/www.factoria-4-7.org\/wp-content\/uploads\/2024\/04\/II-Asamblea-RCE-96-1024x683.jpg\" alt=\"\" class=\"wp-image-5418\" srcset=\"https:\/\/www.factoria-4-7.org\/wp-content\/uploads\/2024\/04\/II-Asamblea-RCE-96-1024x683.jpg 1024w, https:\/\/www.factoria-4-7.org\/wp-content\/uploads\/2024\/04\/II-Asamblea-RCE-96-300x200.jpg 300w, https:\/\/www.factoria-4-7.org\/wp-content\/uploads\/2024\/04\/II-Asamblea-RCE-96-768x512.jpg 768w, https:\/\/www.factoria-4-7.org\/wp-content\/uploads\/2024\/04\/II-Asamblea-RCE-96-1536x1024.jpg 1536w, https:\/\/www.factoria-4-7.org\/wp-content\/uploads\/2024\/04\/II-Asamblea-RCE-96-2048x1365.jpg 2048w\" sizes=\"auto, (max-width: 1024px) 100vw, 1024px\" \/><\/figure>\n\n\n\n<h2 class=\"wp-block-heading\">Objetivos del RCE Basque Country-Navarre<\/h2>\n\n\n\n<p>El establecimiento de un RCE en EDS en Euskal Herria pretende contribuir al alcance de tres objetivos fundamentales:<\/p>\n\n\n\n<ol class=\"wp-block-list\">\n<li>Articular de manera formal el di\u00e1logo de agentes en Euskal Herria vinculados a la Educaci\u00f3n para el Desarrollo Sostenible, a trav\u00e9s de la <strong>visibilizaci\u00f3n<\/strong> de su contribuci\u00f3n respectiva a las prioridades de la Agenda 2030.<\/li>\n\n\n\n<li>Facilitar la <strong>financiaci\u00f3n y ejecuci\u00f3n de proyectos colaborativos<\/strong> comunes en Educaci\u00f3n para la Agenda 2030, tanto vinculados al marco de <em>Factor\u00eda 4.7 <\/em>como ex\u00f3genos a este proyecto.<\/li>\n\n\n\n<li><strong>Favorecer alianzas con otros RCE a escala mundial<\/strong>, y especialmente en Iberoam\u00e9rica, para contribuir a avanzar en la EDS desde una mirada multi-agente y multi-sector.<\/li>\n<\/ol>\n\n\n\n<p>En este sentido, el \u00e9xito que el RCE Basque Country-Navarre logre a nivel local se llevar\u00e1 a escala internacional a trav\u00e9s de la <strong>red global de RCEs en todo el mundo<\/strong>.<\/p>\n\n\n\n<figure class=\"wp-block-image size-large\"><img loading=\"lazy\" decoding=\"async\" width=\"1024\" height=\"681\" src=\"https:\/\/www.factoria-4-7.org\/wp-content\/uploads\/2025\/09\/Foto-Grupal-RCE-1-1024x681.jpg\" alt=\"\" class=\"wp-image-25093\" srcset=\"https:\/\/www.factoria-4-7.org\/wp-content\/uploads\/2025\/09\/Foto-Grupal-RCE-1-1024x681.jpg 1024w, https:\/\/www.factoria-4-7.org\/wp-content\/uploads\/2025\/09\/Foto-Grupal-RCE-1-300x199.jpg 300w, https:\/\/www.factoria-4-7.org\/wp-content\/uploads\/2025\/09\/Foto-Grupal-RCE-1-768x511.jpg 768w, https:\/\/www.factoria-4-7.org\/wp-content\/uploads\/2025\/09\/Foto-Grupal-RCE-1.jpg 1504w\" sizes=\"auto, (max-width: 1024px) 100vw, 1024px\" \/><\/figure>\n\n\n\n<h2 class=\"wp-block-heading\">Papel de UN Etxea en la creaci\u00f3n y liderazgo del RCE<\/h2>\n\n\n\n<p><a href=\"https:\/\/unetxea.org\/\">UN Etxea<\/a> es la entidad impulsora del RCE Basque Country-Navarre. Desde su experiencia en la promoci\u00f3n de los valores de Naciones Unidas y la UNESCO, lider\u00f3 la iniciativa para constituir este polo regional, integr\u00e1ndolo en el marco de su proyecto <strong>Factor\u00eda 4.7<\/strong>, una plataforma iberoamericana para la gesti\u00f3n del conocimiento en EDS. <\/p>\n\n\n\n<p>Gracias a su reconocimiento oficial ante UNESCO y <a href=\"https:\/\/ecosoc.un.org\/es\">ECOSOC<\/a>, UN Etxea ha facilitado la conexi\u00f3n del RCE con redes internacionales, asegurando que las pol\u00edticas y pr\u00e1cticas educativas locales est\u00e9n alineadas con los marcos globales. Adem\u00e1s, ejerce como secretariado del RCE, coordinando la red de 61 entidades que lo conforman y promoviendo proyectos colaborativos, formaci\u00f3n y generaci\u00f3n de recursos pedag\u00f3gicos para la Agenda 2030.<\/p>\n\n\n\n<figure class=\"wp-block-image size-large\"><img loading=\"lazy\" decoding=\"async\" width=\"1024\" height=\"768\" src=\"https:\/\/www.factoria-4-7.org\/wp-content\/uploads\/2026\/01\/Certificate-Of-Acknowledgement_December-2022_RCE-Basque-Country-Navarre-1024x768.jpg\" alt=\"\" class=\"wp-image-27498\" srcset=\"https:\/\/www.factoria-4-7.org\/wp-content\/uploads\/2026\/01\/Certificate-Of-Acknowledgement_December-2022_RCE-Basque-Country-Navarre-1024x768.jpg 1024w, https:\/\/www.factoria-4-7.org\/wp-content\/uploads\/2026\/01\/Certificate-Of-Acknowledgement_December-2022_RCE-Basque-Country-Navarre-300x225.jpg 300w, https:\/\/www.factoria-4-7.org\/wp-content\/uploads\/2026\/01\/Certificate-Of-Acknowledgement_December-2022_RCE-Basque-Country-Navarre-768x576.jpg 768w, https:\/\/www.factoria-4-7.org\/wp-content\/uploads\/2026\/01\/Certificate-Of-Acknowledgement_December-2022_RCE-Basque-Country-Navarre.jpg 1500w\" sizes=\"auto, (max-width: 1024px) 100vw, 1024px\" \/><\/figure>\n\n\n\n<h2 class=\"wp-block-heading\">Contribuci\u00f3n estrat\u00e9gica y proyecci\u00f3n internacional<\/h2>\n\n\n\n<p>El rol de UN Etxea no se limita a la coordinaci\u00f3n t\u00e9cnica: tambi\u00e9n posiciona al <strong>RCE Basque Country-Navarre<\/strong> como referente global en educaci\u00f3n para la sostenibilidad. Participa en la Red Europea de RCEs y en foros internacionales, articulando alianzas con otros centros y actores para compartir metodolog\u00edas y buenas pr\u00e1cticas. Esta labor refuerza la proyecci\u00f3n internacional de Euskadi, Navarra e Iparralde como territorios comprometidos con la Agenda 2030, integrando enfoques de derechos humanos, igualdad de g\u00e9nero y diversidad cultural en la educaci\u00f3n para el desarrollo sostenible.<\/p>\n\n\n\n<p>En este sentido, el \u00e9xito que el RCE Basque Country-Navarre logre a nivel local se llevar\u00e1 a escala internacional a trav\u00e9s de la <strong>red global de RCEs en todo el mundo<\/strong>. <\/p>\n\n\n\n<figure class=\"wp-block-image size-large\"><img loading=\"lazy\" decoding=\"async\" width=\"1024\" height=\"683\" src=\"https:\/\/www.factoria-4-7.org\/wp-content\/uploads\/2026\/01\/Selected-Pictures-1-1024x683.jpg\" alt=\"\" class=\"wp-image-27434\" srcset=\"https:\/\/www.factoria-4-7.org\/wp-content\/uploads\/2026\/01\/Selected-Pictures-1-1024x683.jpg 1024w, https:\/\/www.factoria-4-7.org\/wp-content\/uploads\/2026\/01\/Selected-Pictures-1-300x200.jpg 300w, https:\/\/www.factoria-4-7.org\/wp-content\/uploads\/2026\/01\/Selected-Pictures-1-768x512.jpg 768w, https:\/\/www.factoria-4-7.org\/wp-content\/uploads\/2026\/01\/Selected-Pictures-1-1536x1025.jpg 1536w, https:\/\/www.factoria-4-7.org\/wp-content\/uploads\/2026\/01\/Selected-Pictures-1.jpg 1920w\" sizes=\"auto, (max-width: 1024px) 100vw, 1024px\" \/><\/figure>\n\n\n\n<p class=\"has-text-align-center\"><a href=\"https:\/\/www.rcenetwork.org\/portal\/\" target=\"_blank\" rel=\"noreferrer noopener\">Global RCE NETWORK<\/a><\/p>\n\n\n<div class=\"wp-block-image mobilefullwidth\">\n<figure class=\"aligncenter size-full\"><img loading=\"lazy\" decoding=\"async\" width=\"617\" height=\"289\" src=\"https:\/\/www.factoria-4-7.org\/wp-content\/uploads\/2026\/01\/RCE-Logo-Full.png\" alt=\"\" class=\"wp-image-27497\" srcset=\"https:\/\/www.factoria-4-7.org\/wp-content\/uploads\/2026\/01\/RCE-Logo-Full.png 617w, https:\/\/www.factoria-4-7.org\/wp-content\/uploads\/2026\/01\/RCE-Logo-Full-300x141.png 300w\" sizes=\"auto, (max-width: 617px) 100vw, 617px\" \/><\/figure>\n<\/div>\n\n\n<p>En particular, el RCE Basque Country-Navarre:<\/p>\n\n\n\n<ul class=\"wp-block-list\">\n<li>Participa activamente en la <a href=\"http:\/\/rce-europe.org\/\"><strong>Red Europea de RCEs<\/strong><\/a>, cuyo Secretariado est\u00e1 radicado en el <a href=\"https:\/\/learningforsustainabilityscotland.org\/rce-network\/\">RCE Scotland<\/a>, en particular a trav\u00e9s de:\n<ul class=\"wp-block-list\">\n<li>La organizaci\u00f3n de la <a href=\"https:\/\/unetxea.org\/reunion-regional-europea-de-rces-2023\/\">Reuni\u00f3n Regional Europea de RCEs 2023<\/a> en formato on-line<\/li>\n\n\n\n<li>La coordinaci\u00f3n, junto al <a href=\"https:\/\/sparkthemovement.nl\/en\/rce-fryslan\/\">RCE Frysl\u00e2n<\/a>, del grupo de trabajo de \u2018Alianzas Estrat\u00e9gicas\u2019 (internas y externas)<\/li>\n\n\n\n<li>La co-facilitaci\u00f3n a nivel europeo de sesiones <a href=\"https:\/\/drive.google.com\/drive\/folders\/1IeVRdHeeTuE8t3WbxgLVwqMsqfA0JdWw\">Connect<\/a> de conocimiento y aprendizaje mutuo y webinarios \u2018Exploring the potential of RCEs\u2019 con enfoque tem\u00e1tico.<\/li>\n<\/ul>\n<\/li>\n\n\n\n<li>Lidera la creaci\u00f3n y desarrollo de una <strong>red RCE \u201cArco Atl\u00e1ntico\u201d<\/strong> que abra el camino a otras subredes de RCE futuras dentro de Europa. La idea que subyace a esta iniciativa es fomentar el intercambio entre redes y pa\u00edses con un enfoque regional y tem\u00e1tico com\u00fan. La <strong>red RCE \u201cArco Atl\u00e1ntico\u201d<\/strong> tiene como objetivo que la colaboraci\u00f3n se convierta en una realidad com\u00fan, con la flexibilidad y la inclusividad adecuadas para alcanzar objetivos comunes, al tiempo que se crea un grupo de trabajo que pretenda ser lo suficientemente \u00e1gil como para reaccionar y actuar ante realidades educativas compartidas. En el caso concreto de esta red atl\u00e1ntica, y partiendo de su visi\u00f3n compartida, el Arco Atl\u00e1ntico significa:\n<ul class=\"wp-block-list\">\n<li>Patrimonio mar\u00edtimo compartido;<\/li>\n\n\n\n<li>V\u00ednculos e identidad ling\u00fc\u00edsticos y culturales; y<\/li>\n\n\n\n<li>Prioridades comunes relacionadas con la sostenibilidad de los recursos oce\u00e1nicos.<\/li>\n<\/ul>\n<\/li>\n\n\n\n<li>Promueve la creaci\u00f3n de una <strong>red iberoamericana de RCEs<\/strong>, habiendo organizado un <a href=\"https:\/\/drive.google.com\/drive\/folders\/1fv3VQVHe2c95wrXRHymW0BYL0DH8u4VP\">I Encuentro Iberoamericano de RCEs<\/a>.<\/li>\n<\/ul>\n\n\n<div class=\"wp-block-image mobilefullwidth\">\n<figure class=\"aligncenter size-full\"><img loading=\"lazy\" decoding=\"async\" width=\"1280\" height=\"720\" src=\"https:\/\/www.factoria-4-7.org\/wp-content\/uploads\/2026\/01\/European-RCE-Meeting-2022-rotated.jpg\" alt=\"\" class=\"wp-image-27499\" srcset=\"https:\/\/www.factoria-4-7.org\/wp-content\/uploads\/2026\/01\/European-RCE-Meeting-2022-rotated.jpg 1280w, https:\/\/www.factoria-4-7.org\/wp-content\/uploads\/2026\/01\/European-RCE-Meeting-2022-300x169.jpg 300w, https:\/\/www.factoria-4-7.org\/wp-content\/uploads\/2026\/01\/European-RCE-Meeting-2022-1024x576.jpg 1024w, https:\/\/www.factoria-4-7.org\/wp-content\/uploads\/2026\/01\/European-RCE-Meeting-2022-768x432.jpg 768w\" sizes=\"auto, (max-width: 1280px) 100vw, 1280px\" \/><\/figure>\n<\/div>\n\n\n<p class=\"has-text-align-center institution-link\"><\/p>\n\n\n\n<p>En el transcurso de su proceso de constituci\u00f3n, el RCE Basque Country-Navarre ha contado con el acompa\u00f1amiento y el asesoramiento de nuestro 2 RCEs vecinos:<\/p>\n\n\n\n<div class=\"wp-block-columns are-vertically-aligned-center mobilefullwidth is-layout-flex wp-container-core-columns-is-layout-9d6595d7 wp-block-columns-is-layout-flex\">\n<div class=\"wp-block-column is-vertically-aligned-center mobilefullwidth is-layout-flow wp-block-column-is-layout-flow\"><div class=\"wp-block-image\">\n<figure class=\"aligncenter size-full\"><img loading=\"lazy\" decoding=\"async\" width=\"711\" height=\"512\" src=\"https:\/\/www.factoria-4-7.org\/wp-content\/uploads\/2023\/07\/cdbb0844-1a10-813c-8002-62c047a76361.jpeg\" alt=\"\" class=\"wp-image-4446\" srcset=\"https:\/\/www.factoria-4-7.org\/wp-content\/uploads\/2023\/07\/cdbb0844-1a10-813c-8002-62c047a76361.jpeg 711w, https:\/\/www.factoria-4-7.org\/wp-content\/uploads\/2023\/07\/cdbb0844-1a10-813c-8002-62c047a76361-300x216.jpeg 300w\" sizes=\"auto, (max-width: 711px) 100vw, 711px\" \/><\/figure>\n<\/div><\/div>\n\n\n\n<div class=\"wp-block-column is-vertically-aligned-center mobilefullwidth is-layout-flow wp-block-column-is-layout-flow\">\n<figure class=\"wp-block-image size-full\"><img loading=\"lazy\" decoding=\"async\" width=\"1024\" height=\"369\" src=\"https:\/\/www.factoria-4-7.org\/wp-content\/uploads\/2023\/07\/cdbb0844-1a10-813c-8002-62c04b97ccf1.jpeg\" alt=\"\" class=\"wp-image-4451\" srcset=\"https:\/\/www.factoria-4-7.org\/wp-content\/uploads\/2023\/07\/cdbb0844-1a10-813c-8002-62c04b97ccf1.jpeg 1024w, https:\/\/www.factoria-4-7.org\/wp-content\/uploads\/2023\/07\/cdbb0844-1a10-813c-8002-62c04b97ccf1-300x108.jpeg 300w, https:\/\/www.factoria-4-7.org\/wp-content\/uploads\/2023\/07\/cdbb0844-1a10-813c-8002-62c04b97ccf1-768x277.jpeg 768w\" sizes=\"auto, (max-width: 1024px) 100vw, 1024px\" \/><\/figure>\n<\/div>\n<\/div>\n\n\n\n<div class=\"wp-block-columns is-layout-flex wp-container-core-columns-is-layout-9d6595d7 wp-block-columns-is-layout-flex\">\n<div class=\"wp-block-column is-layout-flow wp-block-column-is-layout-flow\">\n<p class=\"has-text-align-center institution-link\"><a href=\"http:\/\/www.saberes.eu\/css\/en\/\" target=\"_blank\" rel=\"noreferrer noopener\">RCE Galicia<\/a><\/p>\n<\/div>\n\n\n\n<div class=\"wp-block-column is-layout-flow wp-block-column-is-layout-flow\">\n<p class=\"has-text-align-center institution-link\"><a href=\"http:\/\/www.rce-bordeaux-aquitaine.fr\/\" target=\"_blank\" rel=\"noreferrer noopener\">RCE Bordeaux Aquitaine<\/a><\/p>\n<\/div>\n<\/div>\n\n\n\n<h2 class=\"wp-block-heading\">\u00bfQui\u00e9n es cada entidad?<\/h2>\n\n\n\n<figure class=\"wp-block-image size-large\"><img loading=\"lazy\" decoding=\"async\" width=\"1024\" height=\"576\" src=\"https:\/\/www.factoria-4-7.org\/wp-content\/uploads\/2025\/01\/Logo_RCE-Basque-Country-Navarre-2025-Final-1024x576.jpg\" alt=\"\" class=\"wp-image-6972\" srcset=\"https:\/\/www.factoria-4-7.org\/wp-content\/uploads\/2025\/01\/Logo_RCE-Basque-Country-Navarre-2025-Final-1024x576.jpg 1024w, https:\/\/www.factoria-4-7.org\/wp-content\/uploads\/2025\/01\/Logo_RCE-Basque-Country-Navarre-2025-Final-300x169.jpg 300w, https:\/\/www.factoria-4-7.org\/wp-content\/uploads\/2025\/01\/Logo_RCE-Basque-Country-Navarre-2025-Final-768x432.jpg 768w, https:\/\/www.factoria-4-7.org\/wp-content\/uploads\/2025\/01\/Logo_RCE-Basque-Country-Navarre-2025-Final-1536x864.jpg 1536w, https:\/\/www.factoria-4-7.org\/wp-content\/uploads\/2025\/01\/Logo_RCE-Basque-Country-Navarre-2025-Final.jpg 2000w\" sizes=\"auto, (max-width: 1024px) 100vw, 1024px\" \/><\/figure>\n\n\n\n<p>El listado completo de las 61 entidades que conforman oficialmente el <strong>RCE Basque Country-Navarre<\/strong> est\u00e1 disponible en esta p\u00e1gina.<\/p>\n\n\n\n<h2 class=\"wp-block-heading\">Grupos de Trabajo del RCE<\/h2>\n\n\n\n<p>El RCE Basque Country-Navarre impulsa grupos de trabajo tem\u00e1ticos sobre:<\/p>\n\n\n\n<ul class=\"wp-block-list\">\n<li>Transici\u00f3n Energ\u00e9tica y Cambio Clim\u00e1tico<\/li>\n\n\n\n<li>Juventud<\/li>\n\n\n\n<li>Ciudadan\u00eda Activa<\/li>\n\n\n\n<li>Desarrollo Humano Sostenible<\/li>\n\n\n\n<li>Cultura de Paz y No Violencia<\/li>\n\n\n\n<li>Diversidad Cultural y Ling\u00fc\u00edstica<\/li>\n<\/ul>\n\n\n\n<p>Se puede encontrar m\u00e1s informaci\u00f3n sobre el trabajo espec\u00edfico y la composici\u00f3n de cada uno de estos grupos en su pesta\u00f1a correspondiente.<\/p>\n\n\n\n<h2 class=\"wp-block-heading\">Gobernanza<\/h2>\n\n\n\n<p>Secretario: Samuel Fern\u00e1ndez Diekert<\/p>\n\n\n\n<p>UN Etxea &#8211; Asociaci\u00f3n del Pa\u00eds Vasco para la UNESCO<\/p>\n\n\n\n<p>s.fernandez-diekert@unetxea.org<\/p>\n\n\n\n<p>Vicesecretario: Eduardo Ochoa de Aspuru Guti\u00e9rrez<\/p>\n\n\n\n<p>Fundaci\u00f3n Jes\u00fas Obrero &#8211; Egibide<\/p>\n\n\n\n<p>eochoadeaspuru@egibide.org<\/p>\n\n\n\n<p>Coordinadora de Juventud: Ana Orallo Gil<\/p>\n\n\n\n<p>Centro de Formaci\u00f3n Somorrostro<\/p>\n\n\n\n<p>ana.orallo@somorrostro.com<\/p>\n\n\n\n<p>Las siguientes organizaciones conforman el Grupo Motor del RCE Basque Country-Navarre:<\/p>\n\n\n\n<ul class=\"wp-block-list\">\n<li><a href=\"https:\/\/arizmendiarrietafundazioa.org\/\">Arizmendiarrieta Fundazioa<\/a><\/li>\n\n\n\n<li><a href=\"https:\/\/www.somorrostro.com\/\">Centro Formaci\u00f3n Somorrostro<\/a><\/li>\n\n\n\n<li><a href=\"https:\/\/ecivis.eus\/\">eCivis \u2013 Asociaci\u00f3n para la Promoci\u00f3n de la Ciudadan\u00eda Activa<\/a><\/li>\n\n\n\n<li><a href=\"https:\/\/www.egibide.org\/\">Fundaci\u00f3n Jes\u00fas Obrero &#8211; Egibide<\/a><\/li>\n\n\n\n<li><a href=\"https:\/\/www.territoriosconalma.org\/\">Hub IDGS Territorios con ALMA<\/a><\/li>\n\n\n\n<li><a href=\"https:\/\/www.lauaxeta.eus\/es\/\">Lauaxeta Ikastola<\/a><\/li>\n\n\n\n<li><a href=\"https:\/\/www.mancoeduca.com\/\">Mancoeduca<\/a><\/li>\n\n\n\n<li><a href=\"https:\/\/redayssnavarra.org\/\">Red Navarra de Aprendizaje y Servicio Solidario<\/a><\/li>\n\n\n\n<li><a href=\"https:\/\/unetxea.org\/\">UN Etxea &#8211; Asociaci\u00f3n del Pa\u00eds Vasco para la UNESCO<\/a><\/li>\n\n\n\n<li><a href=\"https:\/\/zabalketa.org\/\">Zabalketa<\/a><\/li>\n<\/ul>\n\n\n\n<div style=\"height:20px\" aria-hidden=\"true\" class=\"wp-block-spacer\"><\/div>\n\n\n\n<p><\/p>\n","protected":false},"excerpt":{"rendered":"<p>La Educaci\u00f3n para el Desarrollo Sostenible (EDS) es uno de los instrumentos m\u00e1s poderosos para lograr esta transformaci\u00f3n. Por ello, UN Etxea impulsa el Regional Centre of Expertise (RCE) Basque [&hellip;]<\/p>\n","protected":false},"author":4,"featured_media":4550,"parent":0,"menu_order":0,"comment_status":"closed","ping_status":"closed","template":"templates\/rce-list.php","meta":{"_acf_changed":false,"footnotes":""},"class_list":["post-257","page","type-page","status-publish","has-post-thumbnail","hentry"],"acf":[],"_links":{"self":[{"href":"https:\/\/www.factoria-4-7.org\/fr\/wp-json\/wp\/v2\/pages\/257","targetHints":{"allow":["GET"]}}],"collection":[{"href":"https:\/\/www.factoria-4-7.org\/fr\/wp-json\/wp\/v2\/pages"}],"about":[{"href":"https:\/\/www.factoria-4-7.org\/fr\/wp-json\/wp\/v2\/types\/page"}],"author":[{"embeddable":true,"href":"https:\/\/www.factoria-4-7.org\/fr\/wp-json\/wp\/v2\/users\/4"}],"replies":[{"embeddable":true,"href":"https:\/\/www.factoria-4-7.org\/fr\/wp-json\/wp\/v2\/comments?post=257"}],"version-history":[{"count":98,"href":"https:\/\/www.factoria-4-7.org\/fr\/wp-json\/wp\/v2\/pages\/257\/revisions"}],"predecessor-version":[{"id":27502,"href":"https:\/\/www.factoria-4-7.org\/fr\/wp-json\/wp\/v2\/pages\/257\/revisions\/27502"}],"wp:featuredmedia":[{"embeddable":true,"href":"https:\/\/www.factoria-4-7.org\/fr\/wp-json\/wp\/v2\/media\/4550"}],"wp:attachment":[{"href":"https:\/\/www.factoria-4-7.org\/fr\/wp-json\/wp\/v2\/media?parent=257"}],"curies":[{"name":"wp","href":"https:\/\/api.w.org\/{rel}","templated":true}]}}