{"id":384,"date":"2022-12-15T15:08:38","date_gmt":"2022-12-15T15:08:38","guid":{"rendered":"https:\/\/www.factoria-4-7.org\/?page_id=384"},"modified":"2023-07-31T14:40:00","modified_gmt":"2023-07-31T12:40:00","slug":"buenas-practicas","status":"publish","type":"page","link":"https:\/\/www.factoria-4-7.org\/fr\/buenas-practicas\/","title":{"rendered":"Buenas pr\u00e1cticas"},"content":{"rendered":"\n<h2 class=\"wp-block-heading\">El Desarrollo Sostenible en acci\u00f3n<\/h2>\n\n\n\n<p>Las Buenas Pr\u00e1cticas representan a aquellas acciones que mejor definen en t\u00e9rminos reales y pr\u00e1cticos la idea del desarrollo sostenible en los diferentes campos de actuaci\u00f3n de la Educaci\u00f3n.<\/p>\n\n\n\n<p>En este apartado, se pretenden distinguir aquellas acciones y proyectos que merecen ser consideradas como ejemplos y modelos a seguir en materia de Educaci\u00f3n para el Desarrollo Sostenible (EDS), ya sea por asociaciones, instituciones y especialmente por ciudadanos a t\u00edtulo individual.<\/p>\n\n\n\n<p>Las buenas pr\u00e1cticas se refieren a un amplio campo de iniciativas educativas en las que se promueven algunas de las siguientes tem\u00e1ticas:<\/p>\n\n\n\n<ul class=\"wp-block-list\">\n<li>Energ\u00edas renovables y eficiencia energ\u00e9tica<\/li>\n\n\n\n<li>Gesti\u00f3n de residuos<\/li>\n\n\n\n<li>Ahorro y uso eficiente del agua<\/li>\n\n\n\n<li>Conservaci\u00f3n de la naturaleza<\/li>\n\n\n\n<li>Mantenimiento del patrimonio cultural, tanto material como inmaterial<\/li>\n\n\n\n<li>Agricultura ecol\u00f3gica<\/li>\n\n\n\n<li>Caza y pesca sostenibles<\/li>\n\n\n\n<li>Educaci\u00f3n ambiental y por la sostenibilidad<\/li>\n\n\n\n<li>Turismo responsable<\/li>\n\n\n\n<li>Econom\u00eda circular<\/li>\n<\/ul>\n\n\n\n<p>En definitiva, las Buenas Pr\u00e1cticas representan el compromiso colectivo de la comunidad educativa iberoamericana por un futuro sostenible y mejor para todos.<\/p>\n\n\n\n<h2 class=\"wp-block-heading\">Algunos ejemplos<\/h2>\n","protected":false},"excerpt":{"rendered":"<p>El Desarrollo Sostenible en acci\u00f3n Las Buenas Pr\u00e1cticas representan a aquellas acciones que mejor definen en t\u00e9rminos reales y pr\u00e1cticos la idea del desarrollo sostenible en los diferentes campos de [&hellip;]<\/p>\n","protected":false},"author":4,"featured_media":4421,"parent":0,"menu_order":0,"comment_status":"closed","ping_status":"closed","template":"templates\/best_practices.php","meta":{"_acf_changed":false,"footnotes":""},"class_list":["post-384","page","type-page","status-publish","has-post-thumbnail","hentry"],"acf":[],"_links":{"self":[{"href":"https:\/\/www.factoria-4-7.org\/fr\/wp-json\/wp\/v2\/pages\/384","targetHints":{"allow":["GET"]}}],"collection":[{"href":"https:\/\/www.factoria-4-7.org\/fr\/wp-json\/wp\/v2\/pages"}],"about":[{"href":"https:\/\/www.factoria-4-7.org\/fr\/wp-json\/wp\/v2\/types\/page"}],"author":[{"embeddable":true,"href":"https:\/\/www.factoria-4-7.org\/fr\/wp-json\/wp\/v2\/users\/4"}],"replies":[{"embeddable":true,"href":"https:\/\/www.factoria-4-7.org\/fr\/wp-json\/wp\/v2\/comments?post=384"}],"version-history":[{"count":19,"href":"https:\/\/www.factoria-4-7.org\/fr\/wp-json\/wp\/v2\/pages\/384\/revisions"}],"predecessor-version":[{"id":4348,"href":"https:\/\/www.factoria-4-7.org\/fr\/wp-json\/wp\/v2\/pages\/384\/revisions\/4348"}],"wp:featuredmedia":[{"embeddable":true,"href":"https:\/\/www.factoria-4-7.org\/fr\/wp-json\/wp\/v2\/media\/4421"}],"wp:attachment":[{"href":"https:\/\/www.factoria-4-7.org\/fr\/wp-json\/wp\/v2\/media?parent=384"}],"curies":[{"name":"wp","href":"https:\/\/api.w.org\/{rel}","templated":true}]}}