{"id":1106,"date":"2022-12-16T09:48:35","date_gmt":"2022-12-16T09:48:35","guid":{"rendered":"https:\/\/www.factoria-4-7.org\/?page_id=1106"},"modified":"2023-09-11T13:32:23","modified_gmt":"2023-09-11T11:32:23","slug":"aviso-legal","status":"publish","type":"page","link":"https:\/\/www.factoria-4-7.org\/gl\/aviso-legal\/","title":{"rendered":"Aviso Legal"},"content":{"rendered":"\n<p><strong>UN Etxea<\/strong>, en cumplimiento de la legislaci\u00f3n vigente en materia de protecci\u00f3n de datos de car\u00e1cter personal (Reglamento Europeo 2016\/679 y dem\u00e1s normativa de desarrollo) as\u00ed como de la regulaci\u00f3n existente en materia de servicios de la sociedad de la informaci\u00f3n y de comercio electr\u00f3nico (Ley 34\/2002, de 11 de julio), pone en su conocimiento las presentes condiciones generales de uso que se aplican a todas las operaciones realizadas a trav\u00e9s de la web: <a href=\"https:\/\/www.unescoetxea.org\">www.unetxea.org<\/a><\/p>\n\n\n\n<h3 class=\"wp-block-heading\">1. DATOS LEGALES<\/h3>\n\n\n\n<p>Denominaci\u00f3n social: UN Etxea \u2013 Asociaci\u00f3n del Pa\u00eds Vasco para la UNESCO.<br>Domicilio social: Isozaki Atea- Plaza de la Convivencia. Paseo Uribitarte 12, Local 2. 48001 Bilbao<br>CIF: G48503650,<br>Datos registrales: Inscrita en el Registro General de Asociaciones del Pa\u00eds Vasco con el n\u00famero AS\/B\/02748\/1991.<br>Tel\u00e9fono: 94 427 64 32<br>Correo electr\u00f3nico: <a href=\"mailto:info@unescoetxea.org\">info@unetxea.org<\/a><br>Dominio: <a href=\"https:\/\/www.unescoetxea.org\">www.unetxea.org<\/a><\/p>\n\n\n\n<h3 class=\"wp-block-heading\">2. PROPIEDAD INTELECTUAL<\/h3>\n\n\n\n<p>Los derechos de propiedad intelectual de la web, as\u00ed como de sus distintos contenidos son titularidad de UN Etxea.<\/p>\n\n\n\n<p>Si no se indica lo contrario, los contenidos publicados en esta p\u00e1gina y los disponibles en las redes sociales de UN Etxea: <a href=\"https:\/\/www.facebook.com\/unescoetxea\/\">Facebook<\/a>, <a href=\"https:\/\/twitter.com\/unescoetxea\">Twitter<\/a> y <a href=\"https:\/\/www.youtube.com\/user\/unescoetxeapv#p\/a\">YouTube<\/a>, est\u00e1n sujetos a una licencia Creative Commons \u201c<a href=\"https:\/\/creativecommons.org\/licenses\/by-nc-nd\/4.0\/deed.es\">Atribuci\u00f3n \u2013 No Comercial \u2013 Sin Derivadas 4.0 Internacional (CC BY-NC-ND 4.0)<\/a>\u201d, con la excepci\u00f3n de las citas, materiales e im\u00e1genes de otras fuentes que podr\u00edan tener otras licencias establecidas por sus autoras o autores.<\/p>\n\n\n\n<p>Queda terminantemente prohibido realizar cualquier alteraci\u00f3n de esta p\u00e1gina.<\/p>\n\n\n\n<p>UN Etxea no asume ninguna responsabilidad que se pueda derivar de manipulaciones o alteraciones no autorizadas.<\/p>\n\n\n\n<p>La utilizaci\u00f3n no autorizada de la informaci\u00f3n contenida en esta web, as\u00ed como los perjuicios ocasionados en los derechos de propiedad intelectual e industrial de UN Etxea dar\u00e1 lugar al ejercicio de las acciones que correspondan y, en su caso, a las responsabilidades que de dicho ejercicio se deriven.<\/p>\n\n\n\n<h3 class=\"wp-block-heading\">3. CONDICIONES DE UTILIZACI\u00d3N<\/h3>\n\n\n\n<p>Esta web ha sido creada por UN Etxea con car\u00e1cter informativo para su uso personal y gratuito.<\/p>\n\n\n\n<h5 class=\"wp-block-heading\">a) Utilizaci\u00f3n l\u00edcita<\/h5>\n\n\n\n<p>La persona usuaria de esta p\u00e1gina web y de sus servicios se obliga a realizar un uso conforme con las leyes y los usos del tr\u00e1fico, y se abstendr\u00e1 de utilizar la web y sus servicios con fines o efectos il\u00edcitos o que sean lesivos de los derechos e intereses de terceros, o que de cualquier forma puedan da\u00f1ar, inutilizar, sobrecargar o deteriorar la web y los servicios o impedir la normal utilizaci\u00f3n o disfrute de la web y de los servicios por parte de los usuarios. Quienes incumplan dicha obligaci\u00f3n responder\u00e1n, frente a UN Etxea y frente a terceros, de cualesquiera da\u00f1os y perjuicios que pudieran causarse como consecuencia del incumplimiento de dicha obligaci\u00f3n.<\/p>\n\n\n\n<h5 class=\"wp-block-heading\">b) Garant\u00eda de errores<\/h5>\n\n\n\n<p>UN Etxea no garantiza la inexistencia de errores en el acceso a la web, o en su contenido; en el caso de que se citen o reproduzcan publicaciones de car\u00e1cter oficial, dicha reproducci\u00f3n tendr\u00e1 car\u00e1cter meramente informativo debiendo considerarse a todos los efectos como v\u00e1lida la publicaci\u00f3n en su bolet\u00edn o fuente oficial correspondiente.<\/p>\n\n\n\n<h5 class=\"wp-block-heading\">c) Disponibilidad del servicio<\/h5>\n\n\n\n<p>UN Etxea se reserva la facultad de efectuar, en cualquier momento y sin necesidad de previo aviso, modificaciones y actualizaciones sobre la informaci\u00f3n contenida en su web o en su configuraci\u00f3n o presentaci\u00f3n.<\/p>\n\n\n\n<p>UN Etxea no garantiza la disponibilidad y continuidad del funcionamiento de la web y de sus servicios. Cuando ello sea razonablemente posible, se advertir\u00e1 previamente las interrupciones en el funcionamiento de la web y de los servicios.<\/p>\n\n\n\n<p>UN Etxea excluye cualquier responsabilidad por los da\u00f1os y perjuicios de toda naturaleza que puedan deberse a la falta de disponibilidad o de continuidad del funcionamiento de la web y de los servicios, a la defraudaci\u00f3n de la utilidad que los usuarios hubieren podido atribuir a la web y a los servicios, a la falibilidad de la web y de los servicios, y en particular, aunque no de modo exclusivo, a los fallos en el acceso a las distintas p\u00e1ginas web o a aquellas desde las que se prestan los servicios.<\/p>\n\n\n\n<h3 class=\"wp-block-heading\">4. RESPONSABILIDAD POR EL USO DE LA INFORMACI\u00d3N CONTENIDA<\/h3>\n\n\n\n<p>La persona usuaria es consciente y acepta voluntariamente que el uso de la web, de los servicios y de los contenidos tiene lugar, en todo caso, bajo su \u00fanica y exclusiva responsabilidad. Tanto el acceso a la web, como el uso que pueda hacerse de la informaci\u00f3n contenida en el mismo son de la exclusiva responsabilidad de quien lo realiza. UN Etxea no responder\u00e1 de ninguna consecuencia, da\u00f1o o perjuicio que pudieran derivarse de dicho acceso o uso de informaci\u00f3n ni de la aplicaci\u00f3n que de ellos se realice para apoyar cualquier opini\u00f3n o decisi\u00f3n personal o empresarial.<\/p>\n\n\n\n<p>UN Etxea no asume responsabilidad alguna derivada de la conexi\u00f3n o contenidos de los enlaces de terceros a los que se hace referencia en la web.<\/p>\n","protected":false},"excerpt":{"rendered":"<p>UN Etxea, en cumplimiento de la legislaci\u00f3n vigente en materia de protecci\u00f3n de datos de car\u00e1cter personal (Reglamento Europeo 2016\/679 y dem\u00e1s normativa de desarrollo) as\u00ed como de la regulaci\u00f3n [&hellip;]<\/p>\n","protected":false},"author":4,"featured_media":4547,"parent":0,"menu_order":0,"comment_status":"closed","ping_status":"closed","template":"","meta":{"_acf_changed":false,"footnotes":""},"class_list":["post-1106","page","type-page","status-publish","has-post-thumbnail","hentry"],"acf":[],"_links":{"self":[{"href":"https:\/\/www.factoria-4-7.org\/gl\/wp-json\/wp\/v2\/pages\/1106","targetHints":{"allow":["GET"]}}],"collection":[{"href":"https:\/\/www.factoria-4-7.org\/gl\/wp-json\/wp\/v2\/pages"}],"about":[{"href":"https:\/\/www.factoria-4-7.org\/gl\/wp-json\/wp\/v2\/types\/page"}],"author":[{"embeddable":true,"href":"https:\/\/www.factoria-4-7.org\/gl\/wp-json\/wp\/v2\/users\/4"}],"replies":[{"embeddable":true,"href":"https:\/\/www.factoria-4-7.org\/gl\/wp-json\/wp\/v2\/comments?post=1106"}],"version-history":[{"count":2,"href":"https:\/\/www.factoria-4-7.org\/gl\/wp-json\/wp\/v2\/pages\/1106\/revisions"}],"predecessor-version":[{"id":3984,"href":"https:\/\/www.factoria-4-7.org\/gl\/wp-json\/wp\/v2\/pages\/1106\/revisions\/3984"}],"wp:featuredmedia":[{"embeddable":true,"href":"https:\/\/www.factoria-4-7.org\/gl\/wp-json\/wp\/v2\/media\/4547"}],"wp:attachment":[{"href":"https:\/\/www.factoria-4-7.org\/gl\/wp-json\/wp\/v2\/media?parent=1106"}],"curies":[{"name":"wp","href":"https:\/\/api.w.org\/{rel}","templated":true}]}}