{"id":27593,"date":"2022-12-15T15:08:38","date_gmt":"2022-12-15T14:08:38","guid":{"rendered":"https:\/\/www.factoria-4-7.org\/boas-practicas\/"},"modified":"2026-02-18T10:34:47","modified_gmt":"2026-02-18T09:34:47","slug":"boas-practicas","status":"publish","type":"page","link":"https:\/\/www.factoria-4-7.org\/gl\/boas-practicas\/","title":{"rendered":"Boas pr\u00e1cticas"},"content":{"rendered":"\n<h2 class=\"wp-block-heading\">O Desenvolvemento Sostible en acci\u00f3n<\/h2>\n\n<p>As Boas Pr\u00e1cticas representan aquelas acci\u00f3ns que mellor definen en termos reais e pr\u00e1cticos a idea do desenvolvemento sostible nos diferentes \u00e1mbitos de acci\u00f3n da Educaci\u00f3n.<\/p>\n\n<p>Neste apartado, pret\u00e9ndense distinguir aquelas acci\u00f3ns e proxectos que merecen ser considerados como exemplos e modelos a seguir en materia de Educaci\u00f3n para o Desenvolvemento Sostible (EDS), sexa por asociaci\u00f3ns, instituci\u00f3ns ou, especialmente, por cidad\u00e1ns a t\u00edtulo individual.<\/p>\n\n<p>As boas pr\u00e1cticas ref\u00edrense a un amplo campo de iniciativas educativas que promoven alg\u00fans dos seguintes temas:<\/p>\n\n<ul class=\"wp-block-list\">\n<li>Enerx\u00edas renovables e eficiencia enerx\u00e9tica<\/li>\n\n\n\n<li>Xesti\u00f3n de residuos<\/li>\n\n\n\n<li>Aforro e uso eficiente da auga<\/li>\n\n\n\n<li>Conservaci\u00f3n da natureza<\/li>\n\n\n\n<li>Mantemento do patrimonio cultural, tanto material como inmaterial<\/li>\n\n\n\n<li>Agricultura ecol\u00f3xica<\/li>\n\n\n\n<li>Caza e pesca sostibles<\/li>\n\n\n\n<li>Educaci\u00f3n ambiental e para a sostibilidade<\/li>\n\n\n\n<li>Turismo responsable<\/li>\n\n\n\n<li>Econom\u00eda circular<\/li>\n<\/ul>\n\n<p>En suma, as Boas Pr\u00e1cticas representan o compromiso colectivo da comunidade educativa iberoamericana cun futuro sostible e mellor para todos.<\/p>\n\n<h2 class=\"wp-block-heading\">Alg\u00fans exemplos<\/h2>\n","protected":false},"excerpt":{"rendered":"<p>O Desenvolvemento Sostible en acci\u00f3n As Boas Pr\u00e1cticas representan aquelas acci\u00f3ns que mellor definen en termos reais e pr\u00e1cticos a idea do desenvolvemento sostible nos diferentes \u00e1mbitos de acci\u00f3n da [&hellip;]<\/p>\n","protected":false},"author":4,"featured_media":27624,"parent":0,"menu_order":0,"comment_status":"closed","ping_status":"closed","template":"templates\/best_practices.php","meta":{"_acf_changed":false,"footnotes":""},"class_list":["post-27593","page","type-page","status-publish","has-post-thumbnail","hentry"],"acf":[],"_links":{"self":[{"href":"https:\/\/www.factoria-4-7.org\/gl\/wp-json\/wp\/v2\/pages\/27593","targetHints":{"allow":["GET"]}}],"collection":[{"href":"https:\/\/www.factoria-4-7.org\/gl\/wp-json\/wp\/v2\/pages"}],"about":[{"href":"https:\/\/www.factoria-4-7.org\/gl\/wp-json\/wp\/v2\/types\/page"}],"author":[{"embeddable":true,"href":"https:\/\/www.factoria-4-7.org\/gl\/wp-json\/wp\/v2\/users\/4"}],"replies":[{"embeddable":true,"href":"https:\/\/www.factoria-4-7.org\/gl\/wp-json\/wp\/v2\/comments?post=27593"}],"version-history":[{"count":1,"href":"https:\/\/www.factoria-4-7.org\/gl\/wp-json\/wp\/v2\/pages\/27593\/revisions"}],"predecessor-version":[{"id":27625,"href":"https:\/\/www.factoria-4-7.org\/gl\/wp-json\/wp\/v2\/pages\/27593\/revisions\/27625"}],"wp:featuredmedia":[{"embeddable":true,"href":"https:\/\/www.factoria-4-7.org\/gl\/wp-json\/wp\/v2\/media\/27624"}],"wp:attachment":[{"href":"https:\/\/www.factoria-4-7.org\/gl\/wp-json\/wp\/v2\/media?parent=27593"}],"curies":[{"name":"wp","href":"https:\/\/api.w.org\/{rel}","templated":true}]}}