{"id":27737,"date":"2022-12-15T11:57:26","date_gmt":"2022-12-15T10:57:26","guid":{"rendered":"https:\/\/www.factoria-4-7.org\/rce-basque-country-navarre\/"},"modified":"2026-02-19T13:13:25","modified_gmt":"2026-02-19T12:13:25","slug":"rce-basque-country-navarre","status":"publish","type":"page","link":"https:\/\/www.factoria-4-7.org\/gl\/rce-basque-country-navarre\/","title":{"rendered":"RCE Basque Country-Navarre"},"content":{"rendered":"\n<div class=\"wp-block-group is-vertical is-layout-flex wp-container-core-group-is-layout-8cf370e7 wp-block-group-is-layout-flex\">\n<figure class=\"wp-block-gallery has-nested-images columns-default is-cropped wp-block-gallery-1 is-layout-flex wp-block-gallery-is-layout-flex\">\n<figure class=\"wp-block-image size-large\"><img loading=\"lazy\" decoding=\"async\" width=\"1024\" height=\"410\" data-id=\"27495\" src=\"https:\/\/www.factoria-4-7.org\/wp-content\/uploads\/2026\/01\/Logo-RCE-Basque-UNU-color-1024x410.jpg\" alt=\"\" class=\"wp-image-27495\" srcset=\"https:\/\/www.factoria-4-7.org\/wp-content\/uploads\/2026\/01\/Logo-RCE-Basque-UNU-color-1024x410.jpg 1024w, https:\/\/www.factoria-4-7.org\/wp-content\/uploads\/2026\/01\/Logo-RCE-Basque-UNU-color-300x120.jpg 300w, https:\/\/www.factoria-4-7.org\/wp-content\/uploads\/2026\/01\/Logo-RCE-Basque-UNU-color-768x307.jpg 768w, https:\/\/www.factoria-4-7.org\/wp-content\/uploads\/2026\/01\/Logo-RCE-Basque-UNU-color-1536x615.jpg 1536w, https:\/\/www.factoria-4-7.org\/wp-content\/uploads\/2026\/01\/Logo-RCE-Basque-UNU-color-2048x820.jpg 2048w\" sizes=\"auto, (max-width: 1024px) 100vw, 1024px\" \/><\/figure>\n<\/figure>\n\n\n\n<p>A Educaci\u00f3n para o Desenvolvemento Sostible (EDS) \u00e9 unha das ferramentas m\u00e1is poderosas para lograr esta transformaci\u00f3n. Por este motivo, UN Etxea est\u00e1 a promover o <strong>Regional Centre of Expertise (RCE) Basque Country-Navarre<\/strong>, unha iniciativa reco\u00f1ecida pola <a href=\"https:\/\/unu.edu\/\">Universidade das Naci\u00f3ns Unidas<\/a> e <a href=\"https:\/\/www.unesco.org\/es\">a UNESCO<\/a> que fomenta redes de aprendizaxe e colaboraci\u00f3n entre instituci\u00f3ns educativas, administraci\u00f3ns p\u00fablicas, empresas e sociedade civil.<\/p>\n\n\n\n<p>O RCE permite que Euskadi, Navarra e Iparralde se integren nunha rede internacional de innovaci\u00f3n educativa, compartindo experiencias e metodolox\u00edas que fortalezan a capacidade do territorio para afrontar desaf\u00edos como o cambio clim\u00e1tico, a desigualdade ou a perda de biodiversidade.<\/p>\n\n\n\n<p>Con este compromiso, UN Etxea reforza o seu papel como ponte entre o local e o global, garantindo que a educaci\u00f3n sexa unha forza motriz de cambio cara a sociedades m\u00e1is xustas, sostibles e resilientes. O RCE non s\u00f3 promove a formaci\u00f3n e a investigaci\u00f3n, sen\u00f3n que tam\u00e9n crea espazos de di\u00e1logo e acci\u00f3n colectiva, ali\u00f1ando a realidade do Pa\u00eds Vasco e de Navarra cos compromisos internacionais e proxectando o seu liderado en foros globais.<\/p>\n\n\n\n<figure class=\"wp-block-image size-large\"><img loading=\"lazy\" decoding=\"async\" width=\"1024\" height=\"302\" src=\"https:\/\/www.factoria-4-7.org\/wp-content\/uploads\/2026\/01\/Presentacion-Factoria-4.7-35-1024x302.jpg\" alt=\"\" class=\"wp-image-27496\" srcset=\"https:\/\/www.factoria-4-7.org\/wp-content\/uploads\/2026\/01\/Presentacion-Factoria-4.7-35-1024x302.jpg 1024w, https:\/\/www.factoria-4-7.org\/wp-content\/uploads\/2026\/01\/Presentacion-Factoria-4.7-35-300x89.jpg 300w, https:\/\/www.factoria-4-7.org\/wp-content\/uploads\/2026\/01\/Presentacion-Factoria-4.7-35-768x227.jpg 768w, https:\/\/www.factoria-4-7.org\/wp-content\/uploads\/2026\/01\/Presentacion-Factoria-4.7-35-1536x454.jpg 1536w, https:\/\/www.factoria-4-7.org\/wp-content\/uploads\/2026\/01\/Presentacion-Factoria-4.7-35-2048x605.jpg 2048w\" sizes=\"auto, (max-width: 1024px) 100vw, 1024px\" \/><\/figure>\n\n\n\n<h2 class=\"wp-block-heading\">Cal \u00e9 a reclamaci\u00f3n do RCE?<\/h2>\n<\/div>\n\n<p>O <strong>Regional Centre of Expertise (RCE) Basque Country-Navarre<\/strong> \u00e9 unha rede oficialmente reco\u00f1ecida polo <a href=\"https:\/\/unu.edu\/ias\">Instituto de Estudos Avanzados sobre Sostibilidade da Universidade das Naci\u00f3ns Unidas (UNU-IAS)<\/a>. Forma parte do <a href=\"https:\/\/www.unesco.org\/es\/articles\/educacion-para-el-desarrollo-sostenible-hoja-de-ruta\">Programa Global de Acci\u00f3n da UNESCO sobre a Educaci\u00f3n para o Desenvolvemento Sostible (EDS)<\/a> e ten como obxectivo traducir os principios globais da Axenda 2030 ao contexto local do Pa\u00eds Vasco e Navarra, as\u00ed como do Pa\u00eds Vasco franc\u00e9s.<\/p>\n\n<p>O RCE Basque Country-Navarre re\u00fane organizaci\u00f3ns vinculadas \u00e1 educaci\u00f3n formal, non formal e informal para promover o aprendizaxe cara \u00e1 sostibilidade, fomentando a innovaci\u00f3n e a acci\u00f3n colaborativa. A s\u00faa misi\u00f3n \u00e9 acelerar soluci\u00f3ns sostibles a nivel local a trav\u00e9s de asociaci\u00f3ns multisectoriais e da creaci\u00f3n de espazos de di\u00e1logo e aprendizaxe compartida.<\/p>\n\n<p>Grazas \u00e1s s\u00faas ligaz\u00f3ns oficiais con axencias da ONU, instituci\u00f3ns de educaci\u00f3n formal e educadores informais de todo o mundo, os RCE est\u00e1n idealmente situados para implementar e aplicar a nivel local as convenci\u00f3ns e marcos de programa globais da ESD.<\/p>\n\n<p>O <strong>RCE Basque Country-Navarre <\/strong> re\u00fane membros multisectoriais e interdisciplinares que non sempre traballan xuntos e que est\u00e1n nunha posici\u00f3n \u00fanica para axudar a crear soluci\u00f3ns aos retos da sostibilidade a trav\u00e9s do di\u00e1logo, a educaci\u00f3n e a aprendizaxe. Ademais, as actividades do <strong>RCE Basque Country-Navarre <\/strong> fomentar\u00e1n a innovaci\u00f3n e novos enfoques para o desenvolvemento sostible, transformando o co\u00f1ecemento existente en acci\u00f3ns concretas e empoderando \u00e1s persoas para que tomen decisi\u00f3ns sostibles para si mesmas e para as s\u00faas comunidades.<\/p>\n\n<figure class=\"wp-block-image size-large\"><img loading=\"lazy\" decoding=\"async\" width=\"1024\" height=\"683\" src=\"https:\/\/www.factoria-4-7.org\/wp-content\/uploads\/2024\/04\/II-Asamblea-RCE-96-1024x683.jpg\" alt=\"\" class=\"wp-image-5418\" srcset=\"https:\/\/www.factoria-4-7.org\/wp-content\/uploads\/2024\/04\/II-Asamblea-RCE-96-1024x683.jpg 1024w, https:\/\/www.factoria-4-7.org\/wp-content\/uploads\/2024\/04\/II-Asamblea-RCE-96-300x200.jpg 300w, https:\/\/www.factoria-4-7.org\/wp-content\/uploads\/2024\/04\/II-Asamblea-RCE-96-768x512.jpg 768w, https:\/\/www.factoria-4-7.org\/wp-content\/uploads\/2024\/04\/II-Asamblea-RCE-96-1536x1024.jpg 1536w, https:\/\/www.factoria-4-7.org\/wp-content\/uploads\/2024\/04\/II-Asamblea-RCE-96-2048x1365.jpg 2048w\" sizes=\"auto, (max-width: 1024px) 100vw, 1024px\" \/><\/figure>\n\n<h2 class=\"wp-block-heading\">Obxectivos do RCE Basque Country-Navarre<\/h2>\n\n<p>A creaci\u00f3n dun RCE en EDS en Euska Herria ten como obxectivo contribu\u00edr \u00e1 consecuci\u00f3n de tres obxectivos fundamentais:<\/p>\n\n<ol class=\"wp-block-list\">\n<li>Articular formalmente o di\u00e1logo dos axentes de Euska Herria vinculados \u00e1 Educaci\u00f3n para o Desenvolvemento Sostible, a trav\u00e9s da <strong>visibilidade<\/strong> da s\u00faa respectiva contribuci\u00f3n \u00e1s prioridades da Axenda 2030.<\/li>\n\n\n\n<li>Facilitar o <strong>financiamento e a execuci\u00f3n de proxectos conxuntos de colaboraci\u00f3n<\/strong> en Educaci\u00f3n para a Axenda 2030, tanto vinculados ao marco <em>Factor\u00eda 4.7<\/em> como ex\u00f3xenos a este proxecto.<\/li>\n\n\n\n<li><strong>Promover alianzas con outras RCE de todo o mundo<\/strong>, e especialmente de Am\u00e9rica Latina, para contribu\u00edr ao avance da EDS desde unha perspectiva multiaxente e multisectorial.<\/li>\n<\/ol>\n\n<p>Neste sentido, o \u00e9xito que o RCE Basque Country-Navarre acade a nivel local levarase a cabo internacionalmente a trav\u00e9s da <strong>rede global de RCE de todo o mundo<\/strong>.<\/p>\n\n<figure class=\"wp-block-image size-large\"><img loading=\"lazy\" decoding=\"async\" width=\"1024\" height=\"681\" src=\"https:\/\/www.factoria-4-7.org\/wp-content\/uploads\/2025\/09\/Foto-Grupal-RCE-1-1024x681.jpg\" alt=\"\" class=\"wp-image-25093\" srcset=\"https:\/\/www.factoria-4-7.org\/wp-content\/uploads\/2025\/09\/Foto-Grupal-RCE-1-1024x681.jpg 1024w, https:\/\/www.factoria-4-7.org\/wp-content\/uploads\/2025\/09\/Foto-Grupal-RCE-1-300x199.jpg 300w, https:\/\/www.factoria-4-7.org\/wp-content\/uploads\/2025\/09\/Foto-Grupal-RCE-1-768x511.jpg 768w, https:\/\/www.factoria-4-7.org\/wp-content\/uploads\/2025\/09\/Foto-Grupal-RCE-1.jpg 1504w\" sizes=\"auto, (max-width: 1024px) 100vw, 1024px\" \/><\/figure>\n\n<h2 class=\"wp-block-heading\">Papel da UN Etxea na creaci\u00f3n e liderado do RCE<\/h2>\n\n<p><a href=\"https:\/\/unetxea.org\/\">UN Etxea<\/a> \u00e9 o motor do RCE Basque Country-Navarre. Base\u00e1ndose na s\u00faa experiencia na promoci\u00f3n dos valores das Naci\u00f3ns Unidas e da UNESCO, liderou a iniciativa para establecer este centro rexional, integr\u00e1ndoo no marco do seu proxecto <strong>Factor\u00eda 4.7<\/strong>, unha plataforma iberoamericana para a xesti\u00f3n do co\u00f1ecemento en Educaci\u00f3n para o Desenvolvemento Sostible (EDS). <\/p>\n\n<p>Grazas ao seu reco\u00f1ecemento oficial pola UNESCO e polo <a href=\"https:\/\/ecosoc.un.org\/es\">ECOSOC<\/a>, UN Etxea facilitou a conexi\u00f3n do RCE con redes internacionais, garantindo que as pol\u00edticas e pr\u00e1cticas educativas locais estean ali\u00f1adas cos marcos globais. Ademais, act\u00faa como secretar\u00eda do RCE, coordinando a rede de 61 entidades que a compo\u00f1en e promovendo proxectos colaborativos, formaci\u00f3n e a xeraci\u00f3n de recursos educativos para a Axenda 2030.<\/p>\n\n<figure class=\"wp-block-image size-large\"><img loading=\"lazy\" decoding=\"async\" width=\"1024\" height=\"768\" src=\"https:\/\/www.factoria-4-7.org\/wp-content\/uploads\/2026\/01\/Certificate-Of-Acknowledgement_December-2022_RCE-Basque-Country-Navarre-1024x768.jpg\" alt=\"\" class=\"wp-image-27498\" srcset=\"https:\/\/www.factoria-4-7.org\/wp-content\/uploads\/2026\/01\/Certificate-Of-Acknowledgement_December-2022_RCE-Basque-Country-Navarre-1024x768.jpg 1024w, https:\/\/www.factoria-4-7.org\/wp-content\/uploads\/2026\/01\/Certificate-Of-Acknowledgement_December-2022_RCE-Basque-Country-Navarre-300x225.jpg 300w, https:\/\/www.factoria-4-7.org\/wp-content\/uploads\/2026\/01\/Certificate-Of-Acknowledgement_December-2022_RCE-Basque-Country-Navarre-768x576.jpg 768w, https:\/\/www.factoria-4-7.org\/wp-content\/uploads\/2026\/01\/Certificate-Of-Acknowledgement_December-2022_RCE-Basque-Country-Navarre.jpg 1500w\" sizes=\"auto, (max-width: 1024px) 100vw, 1024px\" \/><\/figure>\n\n<h2 class=\"wp-block-heading\">Contribuci\u00f3n estrat\u00e9xica e proxecci\u00f3n internacional<\/h2>\n\n<p>O papel de UN Etxea non se limita \u00e1 coordinaci\u00f3n t\u00e9cnica: tam\u00e9n posiciona o <strong>RCE Basque Country-Navarre<\/strong> como l\u00edder mundial na educaci\u00f3n para a sostibilidade. Participa na Rede Europea de RCE e en foros internacionais, tecendo alianzas con outros centros e partes interesadas para compartir metodolox\u00edas e boas pr\u00e1cticas. Este traballo reforza o perfil internacional do Pa\u00eds Vasco, Navarra e Iparralde como territorios comprometidos coa Axenda 2030, integrando enfoques de dereitos humanos, igualdade de x\u00e9nero e diversidade cultural na educaci\u00f3n para o desenvolvemento sostible.<\/p>\n\n<p>Neste sentido, o \u00e9xito que o RCE Basque Country-Navarre acade a nivel local levarase a cabo internacionalmente a trav\u00e9s da <strong>rede global de RCE de todo o mundo<\/strong>. <\/p>\n\n<figure class=\"wp-block-image size-large\"><img loading=\"lazy\" decoding=\"async\" width=\"1024\" height=\"683\" src=\"https:\/\/www.factoria-4-7.org\/wp-content\/uploads\/2026\/01\/Selected-Pictures-1-1024x683.jpg\" alt=\"\" class=\"wp-image-27434\" srcset=\"https:\/\/www.factoria-4-7.org\/wp-content\/uploads\/2026\/01\/Selected-Pictures-1-1024x683.jpg 1024w, https:\/\/www.factoria-4-7.org\/wp-content\/uploads\/2026\/01\/Selected-Pictures-1-300x200.jpg 300w, https:\/\/www.factoria-4-7.org\/wp-content\/uploads\/2026\/01\/Selected-Pictures-1-768x512.jpg 768w, https:\/\/www.factoria-4-7.org\/wp-content\/uploads\/2026\/01\/Selected-Pictures-1-1536x1025.jpg 1536w, https:\/\/www.factoria-4-7.org\/wp-content\/uploads\/2026\/01\/Selected-Pictures-1.jpg 1920w\" sizes=\"auto, (max-width: 1024px) 100vw, 1024px\" \/><\/figure>\n\n<p class=\"has-text-align-center\"><a href=\"https:\/\/www.rcenetwork.org\/portal\/\" target=\"_blank\" rel=\"noreferrer noopener\">Global RCE NETWORK<\/a><\/p>\n<div class=\"wp-block-image mobilefullwidth\">\n<figure class=\"aligncenter size-full\"><img loading=\"lazy\" decoding=\"async\" width=\"617\" height=\"289\" src=\"https:\/\/www.factoria-4-7.org\/wp-content\/uploads\/2026\/01\/RCE-Logo-Full.png\" alt=\"\" class=\"wp-image-27497\" srcset=\"https:\/\/www.factoria-4-7.org\/wp-content\/uploads\/2026\/01\/RCE-Logo-Full.png 617w, https:\/\/www.factoria-4-7.org\/wp-content\/uploads\/2026\/01\/RCE-Logo-Full-300x141.png 300w\" sizes=\"auto, (max-width: 617px) 100vw, 617px\" \/><\/figure>\n<\/div>\n<p>En particular, o RCE Basque Country-Navarre:<\/p>\n\n<ul class=\"wp-block-list\">\n<li>Participa activamente na <a href=\"http:\/\/rce-europe.org\/\"><strong>Rede Europea de RCE<\/strong><\/a>, cuxa Secretar\u00eda ten a s\u00faa sede na <a href=\"https:\/\/learningforsustainabilityscotland.org\/rce-network\/\">RCE Scotland<\/a>, en particular a trav\u00e9s de:\n<ul class=\"wp-block-list\">\n<li>A organizaci\u00f3n da <a href=\"https:\/\/unetxea.org\/reunion-regional-europea-de-rces-2023\/\">Reuni\u00f3n Rexional Europea de RCE de 2023<\/a> en formato en li\u00f1a<\/li>\n\n\n\n<li>A coordinaci\u00f3n, xunto co <a href=\"https:\/\/sparkthemovement.nl\/en\/rce-fryslan\/\">RCE Frysl\u00e2n<\/a>, do grupo de traballo &#8220;Alianzas estrat\u00e9xicas&#8221; (interno e externo)<\/li>\n\n\n\n<li>Cofacilitaci\u00f3n a nivel europeo de sesi\u00f3ns <a href=\"https:\/\/drive.google.com\/drive\/folders\/1IeVRdHeeTuE8t3WbxgLVwqMsqfA0JdWw\">Connect<\/a> para o co\u00f1ecemento e a aprendizaxe mutuos e seminarios web &#8220;Explorando o potencial das RCE&#8221; cun enfoque tem\u00e1tico.<\/li>\n<\/ul>\n<\/li>\n\n\n\n<li>Lidera a creaci\u00f3n e o desenvolvemento dunha <strong>rede RCE do &#8220;Arco Atl\u00e1ntico&#8221;<\/strong> que abre o cami\u00f1o para outras futuras subredes RCE dentro de Europa. A idea detr\u00e1s desta iniciativa \u00e9 fomentar o intercambio entre redes e pa\u00edses cun enfoque rexional e tem\u00e1tico com\u00fan. A <strong>rede RCE do &#8220;Arco Atl\u00e1ntico&#8221;<\/strong> ten como obxectivo facer da colaboraci\u00f3n unha realidade com\u00fan, coa flexibilidade e a inclusi\u00f3n axeitadas para acadar obxectivos compartidos, ao tempo que crea un grupo de traballo que pretende ser o suficientemente \u00e1xil como para reaccionar e actuar sobre as realidades educativas compartidas. No caso espec\u00edfico desta rede atl\u00e1ntica, e base\u00e1ndose na s\u00faa visi\u00f3n compartida, o Arco Atl\u00e1ntico significa:\n<ul class=\"wp-block-list\">\n<li>Patrimonio mar\u00edtimo compartido;<\/li>\n\n\n\n<li>V\u00ednculos e identidade ling\u00fc\u00edstica e cultural, e<\/li>\n\n\n\n<li>Prioridades com\u00fans relacionadas coa sostibilidade dos recursos oce\u00e1nicos.<\/li>\n<\/ul>\n<\/li>\n\n\n\n<li>Promove a creaci\u00f3n dunha <strong>rede iberoamericana de RCE<\/strong>, despois de organizar un <a href=\"https:\/\/drive.google.com\/drive\/folders\/1fv3VQVHe2c95wrXRHymW0BYL0DH8u4VP\">Primeiro Encontro Iberoamericano de RCE<\/a>.<\/li>\n<\/ul>\n<div class=\"wp-block-image mobilefullwidth\">\n<figure class=\"aligncenter size-full\"><img loading=\"lazy\" decoding=\"async\" width=\"1280\" height=\"720\" src=\"https:\/\/www.factoria-4-7.org\/wp-content\/uploads\/2026\/01\/European-RCE-Meeting-2022-rotated.jpg\" alt=\"\" class=\"wp-image-27499\" srcset=\"https:\/\/www.factoria-4-7.org\/wp-content\/uploads\/2026\/01\/European-RCE-Meeting-2022-rotated.jpg 1280w, https:\/\/www.factoria-4-7.org\/wp-content\/uploads\/2026\/01\/European-RCE-Meeting-2022-300x169.jpg 300w, https:\/\/www.factoria-4-7.org\/wp-content\/uploads\/2026\/01\/European-RCE-Meeting-2022-1024x576.jpg 1024w, https:\/\/www.factoria-4-7.org\/wp-content\/uploads\/2026\/01\/European-RCE-Meeting-2022-768x432.jpg 768w\" sizes=\"auto, (max-width: 1280px) 100vw, 1280px\" \/><\/figure>\n<\/div>\n<p class=\"has-text-align-center institution-link\"><\/p>\n\n<p>Durante o seu proceso de formaci\u00f3n, o RCE Basque Country-Navarre contou co apoio e o asesoramento dos nosos 2 RCE veci\u00f1os:<\/p>\n\n<div class=\"wp-block-columns are-vertically-aligned-center mobilefullwidth is-layout-flex wp-container-core-columns-is-layout-9d6595d7 wp-block-columns-is-layout-flex\">\n<div class=\"wp-block-column is-vertically-aligned-center mobilefullwidth is-layout-flow wp-block-column-is-layout-flow\"><div class=\"wp-block-image\">\n<figure class=\"aligncenter size-full\"><img loading=\"lazy\" decoding=\"async\" width=\"711\" height=\"512\" src=\"https:\/\/www.factoria-4-7.org\/wp-content\/uploads\/2023\/07\/cdbb0844-1a10-813c-8002-62c047a76361.jpeg\" alt=\"\" class=\"wp-image-4446\" srcset=\"https:\/\/www.factoria-4-7.org\/wp-content\/uploads\/2023\/07\/cdbb0844-1a10-813c-8002-62c047a76361.jpeg 711w, https:\/\/www.factoria-4-7.org\/wp-content\/uploads\/2023\/07\/cdbb0844-1a10-813c-8002-62c047a76361-300x216.jpeg 300w\" sizes=\"auto, (max-width: 711px) 100vw, 711px\" \/><\/figure>\n<\/div><\/div>\n\n\n\n<div class=\"wp-block-column is-vertically-aligned-center mobilefullwidth is-layout-flow wp-block-column-is-layout-flow\">\n<figure class=\"wp-block-image size-full\"><img loading=\"lazy\" decoding=\"async\" width=\"1024\" height=\"369\" src=\"https:\/\/www.factoria-4-7.org\/wp-content\/uploads\/2023\/07\/cdbb0844-1a10-813c-8002-62c04b97ccf1.jpeg\" alt=\"\" class=\"wp-image-4451\" srcset=\"https:\/\/www.factoria-4-7.org\/wp-content\/uploads\/2023\/07\/cdbb0844-1a10-813c-8002-62c04b97ccf1.jpeg 1024w, https:\/\/www.factoria-4-7.org\/wp-content\/uploads\/2023\/07\/cdbb0844-1a10-813c-8002-62c04b97ccf1-300x108.jpeg 300w, https:\/\/www.factoria-4-7.org\/wp-content\/uploads\/2023\/07\/cdbb0844-1a10-813c-8002-62c04b97ccf1-768x277.jpeg 768w\" sizes=\"auto, (max-width: 1024px) 100vw, 1024px\" \/><\/figure>\n<\/div>\n<\/div>\n\n<div class=\"wp-block-columns is-layout-flex wp-container-core-columns-is-layout-9d6595d7 wp-block-columns-is-layout-flex\">\n<div class=\"wp-block-column is-layout-flow wp-block-column-is-layout-flow\">\n<p class=\"has-text-align-center institution-link\"><a href=\"http:\/\/www.saberes.eu\/css\/en\/\" target=\"_blank\" rel=\"noreferrer noopener\">RCE Galicia<\/a><\/p>\n<\/div>\n\n\n\n<div class=\"wp-block-column is-layout-flow wp-block-column-is-layout-flow\">\n<p class=\"has-text-align-center institution-link\"><a href=\"http:\/\/www.rce-bordeaux-aquitaine.fr\/\" target=\"_blank\" rel=\"noreferrer noopener\">RCE Bordeaux Aquitaine<\/a><\/p>\n<\/div>\n<\/div>\n\n<h2 class=\"wp-block-heading\">Quen \u00e9 cada entidade?<\/h2>\n\n<figure class=\"wp-block-image size-large\"><img loading=\"lazy\" decoding=\"async\" width=\"1024\" height=\"576\" src=\"https:\/\/www.factoria-4-7.org\/wp-content\/uploads\/2025\/01\/Logo_RCE-Basque-Country-Navarre-2025-Final-1024x576.jpg\" alt=\"\" class=\"wp-image-6972\" srcset=\"https:\/\/www.factoria-4-7.org\/wp-content\/uploads\/2025\/01\/Logo_RCE-Basque-Country-Navarre-2025-Final-1024x576.jpg 1024w, https:\/\/www.factoria-4-7.org\/wp-content\/uploads\/2025\/01\/Logo_RCE-Basque-Country-Navarre-2025-Final-300x169.jpg 300w, https:\/\/www.factoria-4-7.org\/wp-content\/uploads\/2025\/01\/Logo_RCE-Basque-Country-Navarre-2025-Final-768x432.jpg 768w, https:\/\/www.factoria-4-7.org\/wp-content\/uploads\/2025\/01\/Logo_RCE-Basque-Country-Navarre-2025-Final-1536x864.jpg 1536w, https:\/\/www.factoria-4-7.org\/wp-content\/uploads\/2025\/01\/Logo_RCE-Basque-Country-Navarre-2025-Final.jpg 2000w\" sizes=\"auto, (max-width: 1024px) 100vw, 1024px\" \/><\/figure>\n\n<p>A lista completa das 61 entidades que conforman oficialmente o <strong>RCE Basque Country-Navarre<\/strong> est\u00e1 dispo\u00f1ible nesta p\u00e1xina.<\/p>\n\n<h2 class=\"wp-block-heading\">Grupos de traballo do RCE<\/h2>\n\n<p>O RCE Basque Country-Navarre promove grupos de traballo tem\u00e1ticos sobre:<\/p>\n\n<ul class=\"wp-block-list\">\n<li>Transici\u00f3n enerx\u00e9tica e cambio clim\u00e1tico<\/li>\n\n\n\n<li>Xuventude<\/li>\n\n\n\n<li>Cidadan\u00eda activa<\/li>\n\n\n\n<li>Desenvolvemento humano sostible<\/li>\n\n\n\n<li>Cultura de paz e non violencia<\/li>\n\n\n\n<li>Diversidade cultural e ling\u00fc\u00edstica<\/li>\n<\/ul>\n\n<p>Podes atopar m\u00e1is informaci\u00f3n sobre o traballo espec\u00edfico e a composici\u00f3n de cada un destes grupos na s\u00faa lapela correspondente.<\/p>\n\n<h2 class=\"wp-block-heading\">Gobernanza<\/h2>\n\n<p>Secretario: Samuel Fern\u00e1ndez Diekert<\/p>\n\n<p>UN Etxea &#8211; Asociaci\u00f3n do Pa\u00eds Vasco para a UNESCO<\/p>\n\n<p>s.fernandez-diekert@unetxea.org<\/p>\n\n<p>Vicesecretario: Eduardo Ochoa de Aspuru Guti\u00e9rrez<\/p>\n\n<p>Fundaci\u00f3n Jes\u00fas Obrero &#8211; Egibide<\/p>\n\n<p>eochoadeaspuru@egibide.org<\/p>\n\n<p>Coordinadora de xuventude: Ana Orallo Gil<\/p>\n\n<p>Centro de Formaci\u00f3n Somorrostro<\/p>\n\n<p>ana.orallo@somorrostro.com<\/p>\n\n<p>As seguintes organizaci\u00f3ns conforman o Grupo Motor do RCE Basque Country-Navarre:<\/p>\n\n<ul class=\"wp-block-list\">\n<li><a href=\"https:\/\/arizmendiarrietafundazioa.org\/\">Arizmendiarrieta Fundazioa<\/a><\/li>\n\n\n\n<li><a href=\"https:\/\/www.somorrostro.com\/\">Centro Formaci\u00f3n Somorrostro<\/a><\/li>\n\n\n\n<li><a href=\"https:\/\/ecivis.eus\/\">eCivis \u2013 Asociaci\u00f3n para la Promoci\u00f3n de la Ciudadan\u00eda Activa<\/a><\/li>\n\n\n\n<li><a href=\"https:\/\/www.egibide.org\/\">Fundaci\u00f3n Jes\u00fas Obrero &#8211; Egibide<\/a><\/li>\n\n\n\n<li><a href=\"https:\/\/www.territoriosconalma.org\/\">Hub IDGS Territorios con ALMA<\/a><\/li>\n\n\n\n<li><a href=\"https:\/\/www.lauaxeta.eus\/es\/\">Lauaxeta Ikastola<\/a><\/li>\n\n\n\n<li><a href=\"https:\/\/www.mancoeduca.com\/\">Mancoeduca<\/a><\/li>\n\n\n\n<li><a href=\"https:\/\/redayssnavarra.org\/\">Red Navarra de Aprendizaje y Servicio Solidario<\/a><\/li>\n\n\n\n<li><a href=\"https:\/\/unetxea.org\/\">UN Etxea &#8211; Asociaci\u00f3n do Pa\u00eds Vasco para a UNESCO<\/a><\/li>\n\n\n\n<li><a href=\"https:\/\/zabalketa.org\/\">Zabalketa<\/a><\/li>\n<\/ul>\n\n<div style=\"height:20px\" aria-hidden=\"true\" class=\"wp-block-spacer\"><\/div>\n\n<p><\/p>\n","protected":false},"excerpt":{"rendered":"<p>A Educaci\u00f3n para o Desenvolvemento Sostible (EDS) \u00e9 unha das ferramentas m\u00e1is poderosas para lograr esta transformaci\u00f3n. Por este motivo, UN Etxea est\u00e1 a promover o Regional Centre of Expertise [&hellip;]<\/p>\n","protected":false},"author":4,"featured_media":27789,"parent":0,"menu_order":0,"comment_status":"closed","ping_status":"closed","template":"templates\/rce-list.php","meta":{"_acf_changed":false,"footnotes":""},"class_list":["post-27737","page","type-page","status-publish","has-post-thumbnail","hentry"],"acf":[],"_links":{"self":[{"href":"https:\/\/www.factoria-4-7.org\/gl\/wp-json\/wp\/v2\/pages\/27737","targetHints":{"allow":["GET"]}}],"collection":[{"href":"https:\/\/www.factoria-4-7.org\/gl\/wp-json\/wp\/v2\/pages"}],"about":[{"href":"https:\/\/www.factoria-4-7.org\/gl\/wp-json\/wp\/v2\/types\/page"}],"author":[{"embeddable":true,"href":"https:\/\/www.factoria-4-7.org\/gl\/wp-json\/wp\/v2\/users\/4"}],"replies":[{"embeddable":true,"href":"https:\/\/www.factoria-4-7.org\/gl\/wp-json\/wp\/v2\/comments?post=27737"}],"version-history":[{"count":1,"href":"https:\/\/www.factoria-4-7.org\/gl\/wp-json\/wp\/v2\/pages\/27737\/revisions"}],"predecessor-version":[{"id":27796,"href":"https:\/\/www.factoria-4-7.org\/gl\/wp-json\/wp\/v2\/pages\/27737\/revisions\/27796"}],"wp:featuredmedia":[{"embeddable":true,"href":"https:\/\/www.factoria-4-7.org\/gl\/wp-json\/wp\/v2\/media\/27789"}],"wp:attachment":[{"href":"https:\/\/www.factoria-4-7.org\/gl\/wp-json\/wp\/v2\/media?parent=27737"}],"curies":[{"name":"wp","href":"https:\/\/api.w.org\/{rel}","templated":true}]}}