{"id":253,"date":"2022-12-13T10:55:07","date_gmt":"2022-12-13T10:55:07","guid":{"rendered":"https:\/\/www.factoria-4-7.org\/?page_id=253"},"modified":"2023-09-15T12:16:06","modified_gmt":"2023-09-15T10:16:06","slug":"que-es-factoria-4-7","status":"publish","type":"page","link":"https:\/\/www.factoria-4-7.org\/pt-pt\/que-es-factoria-4-7\/","title":{"rendered":"\u00bfQu\u00e9 es factor\u00eda 4.7?"},"content":{"rendered":"\n<p>La Agenda 2030, aprobada por las NNUU en septiembre de 2015, incluye un conjunto de 17 ODS que buscan poner fin a la pobreza, luchar contra la desigualdad y la injusticia, y hacer frente al cambio clim\u00e1tico, sin dejar a nadie atr\u00e1s. Bajo el paraguas del ODS 4 \u201cEducaci\u00f3n de calidad\u201d, la propia Agenda 2030 reconoce el papel fundamental de la Educaci\u00f3n para el Desarrollo Sostenible (EDS) para lograr todos los ODS, y as\u00ed lo explicita en su meta 4.7.&nbsp;<\/p>\n\n\n\n<h2 class=\"wp-block-heading\">Eje de Acci\u00f3n 1<\/h2>\n\n\n\n<p><em>Gesti\u00f3n del conocimiento en Educaci\u00f3n para la Agenda 2030, este<br>portal digital pretende democratizar el acceso a herramientas<br>pedag\u00f3gicas de calidad en materia de EDS con enfoque de g\u00e9nero<br>y de derechos en Iberoam\u00e9rica<\/em><\/p>\n\n\n\n<figure class=\"wp-block-image alignfull size-full\"><img loading=\"lazy\" decoding=\"async\" width=\"1500\" height=\"750\" src=\"https:\/\/www.factoria-4-7.org\/wp-content\/uploads\/2022\/12\/factoria-4.7-ilustracion-01.png\" alt=\"\" class=\"wp-image-398\" srcset=\"https:\/\/www.factoria-4-7.org\/wp-content\/uploads\/2022\/12\/factoria-4.7-ilustracion-01.png 1500w, https:\/\/www.factoria-4-7.org\/wp-content\/uploads\/2022\/12\/factoria-4.7-ilustracion-01-300x150.png 300w, https:\/\/www.factoria-4-7.org\/wp-content\/uploads\/2022\/12\/factoria-4.7-ilustracion-01-1024x512.png 1024w, https:\/\/www.factoria-4-7.org\/wp-content\/uploads\/2022\/12\/factoria-4.7-ilustracion-01-768x384.png 768w\" sizes=\"auto, (max-width: 1500px) 100vw, 1500px\" \/><\/figure>\n\n\n\n<p>La EDS emplea una pedagog\u00eda innovadora y orientada a la acci\u00f3n que promueve el desarrollo de competencias transversales en las dimensiones cognitiva, socioemocional y conductual del aprendizaje. UN Etxea &#8211; Asociaci\u00f3n del Pa\u00eds Vasco para la UNESCO ha trabajado en la EDS desde su inicio, participando en procesos a escala local, nacional e internacional de la mano de UNESCO para avanzar en el poder transformador de la educaci\u00f3n desde el desarrollo sostenible e inclusivo. Desde 2017 hemos desarrollado colaboraciones m\u00e1s expl\u00edcitas con agentes diversos de Iberoam\u00e9rica, orientadas a avanzar en la Educaci\u00f3n para la Agenda 2030.<\/p>\n\n\n\n<p>En este contexto, UN Etxea desarrolla Factor\u00eda 4.7 &#8211; Plataforma Iberoamericana de Educaci\u00f3n para el Desarrollo Sostenible como proyecto que busca transformar la EDS en Iberoam\u00e9rica desde la innovaci\u00f3n y el aprendizaje compartido, facilitando que los y las agentes vinculados\/as a la educaci\u00f3n tomen la EDS como eje inspirador de sus pol\u00edticas, planes y pr\u00e1cticas educativas.<\/p>\n\n\n\n<p>Factor\u00eda 4.7 &#8211; Plataforma Iberoamericana de Educaci\u00f3n para el Desarrollo Sostenible es parte de la estrategia global de UNESCO en EDS en la regi\u00f3n de Iberoam\u00e9rica con el objetivo de avanzar en la Agenda 2030 por v\u00eda de la meta 4.7 de los ODS. Este proyecto se gestiona a trav\u00e9s de (1) la gesti\u00f3n del conocimiento; (2) las alianzas multi-actor y multi-sector; y (3) una estrategia de comunicaci\u00f3n, todo ello en el conjunto del contexto iberoamericano.<\/p>\n\n\n\n<p>As\u00ed, dentro del Eje de Acci\u00f3n 1: Gesti\u00f3n del conocimiento en Educaci\u00f3n para la Agenda 2030, este portal digital pretende democratizar el acceso a herramientas pedag\u00f3gicas de calidad en materia de EDS con enfoque de g\u00e9nero y de derechos en Iberoam\u00e9rica. La plataforma Factor\u00eda 4.7 pone a disposici\u00f3n de cualquier agente interesado herramientas pedag\u00f3gicas de calidad en materia de EDS. Concretamente, aqu\u00ed podr\u00e1 encontrar recursos pedag\u00f3gicos, materiales, soportes y buenas pr\u00e1cticas de EDS, pedagog\u00eda social y participaci\u00f3n ciudadana en cada uno de los ODS y en cada uno de los \u00e1mbitos relacionados con la Agenda 2030, en todos los casos coherentes con los valores transversales de la Agenda 2030 (Sostenibilidad, Derechos humanos, Igualdad y Equidad de G\u00e9nero e Interculturalidad).<\/p>\n\n\n\n<div style=\"height:50px\" aria-hidden=\"true\" class=\"wp-block-spacer\"><\/div>\n","protected":false},"excerpt":{"rendered":"<p>La Agenda 2030, aprobada por las NNUU en septiembre de 2015, incluye un conjunto de 17 ODS que buscan poner fin a la pobreza, luchar contra la desigualdad y la [&hellip;]<\/p>\n","protected":false},"author":4,"featured_media":4542,"parent":0,"menu_order":0,"comment_status":"closed","ping_status":"closed","template":"","meta":{"_acf_changed":false,"footnotes":""},"class_list":["post-253","page","type-page","status-publish","has-post-thumbnail","hentry"],"acf":[],"_links":{"self":[{"href":"https:\/\/www.factoria-4-7.org\/pt-pt\/wp-json\/wp\/v2\/pages\/253","targetHints":{"allow":["GET"]}}],"collection":[{"href":"https:\/\/www.factoria-4-7.org\/pt-pt\/wp-json\/wp\/v2\/pages"}],"about":[{"href":"https:\/\/www.factoria-4-7.org\/pt-pt\/wp-json\/wp\/v2\/types\/page"}],"author":[{"embeddable":true,"href":"https:\/\/www.factoria-4-7.org\/pt-pt\/wp-json\/wp\/v2\/users\/4"}],"replies":[{"embeddable":true,"href":"https:\/\/www.factoria-4-7.org\/pt-pt\/wp-json\/wp\/v2\/comments?post=253"}],"version-history":[{"count":13,"href":"https:\/\/www.factoria-4-7.org\/pt-pt\/wp-json\/wp\/v2\/pages\/253\/revisions"}],"predecessor-version":[{"id":4569,"href":"https:\/\/www.factoria-4-7.org\/pt-pt\/wp-json\/wp\/v2\/pages\/253\/revisions\/4569"}],"wp:featuredmedia":[{"embeddable":true,"href":"https:\/\/www.factoria-4-7.org\/pt-pt\/wp-json\/wp\/v2\/media\/4542"}],"wp:attachment":[{"href":"https:\/\/www.factoria-4-7.org\/pt-pt\/wp-json\/wp\/v2\/media?parent=253"}],"curies":[{"name":"wp","href":"https:\/\/api.w.org\/{rel}","templated":true}]}}